{"id":4307,"date":"2021-10-25T19:08:56","date_gmt":"2021-10-25T17:08:56","guid":{"rendered":"https:\/\/juniperi.pl\/newsletter\/"},"modified":"2021-10-25T19:08:58","modified_gmt":"2021-10-25T17:08:58","slug":"newsletter","status":"publish","type":"page","link":"https:\/\/juniperi.pl\/it\/newsletter\/","title":{"rendered":"Newsletter"},"content":{"rendered":"\t\t<div data-elementor-type=\"wp-page\" data-elementor-id=\"4307\" class=\"elementor elementor-4307 elementor-2483\" data-elementor-settings=\"[]\">\n\t\t\t\t\t\t\t<div class=\"elementor-section-wrap\">\n\t\t\t\t\t\t\t<section class=\"elementor-section elementor-top-section elementor-element elementor-element-22f9a65 elementor-section-boxed elementor-section-height-default elementor-section-height-default\" data-id=\"22f9a65\" data-element_type=\"section\">\n\t\t\t\t\t\t<div class=\"elementor-container elementor-column-gap-wide\">\n\t\t\t\t\t<div class=\"elementor-column elementor-col-100 elementor-top-column elementor-element elementor-element-2e9f535\" data-id=\"2e9f535\" data-element_type=\"column\">\n\t\t\t<div class=\"elementor-widget-wrap elementor-element-populated\">\n\t\t\t\t\t\t\t\t<div class=\"elementor-element elementor-element-28ff3a4 elementor-widget elementor-widget-heading\" data-id=\"28ff3a4\" data-element_type=\"widget\" data-widget_type=\"heading.default\">\n\t\t\t\t<div class=\"elementor-widget-container\">\n\t\t\t<h3 class=\"elementor-heading-title elementor-size-default\">Rimani aggiornato!<\/h3>\t\t<\/div>\n\t\t\t\t<\/div>\n\t\t\t\t<div class=\"elementor-element elementor-element-75de5cb elementor-widget elementor-widget-spacer\" data-id=\"75de5cb\" data-element_type=\"widget\" data-widget_type=\"spacer.default\">\n\t\t\t\t<div class=\"elementor-widget-container\">\n\t\t\t\t\t<div class=\"elementor-spacer\">\n\t\t\t<div class=\"elementor-spacer-inner\"><\/div>\n\t\t<\/div>\n\t\t\t\t<\/div>\n\t\t\t\t<\/div>\n\t\t\t\t<div class=\"elementor-element elementor-element-17d05ff elementor-widget elementor-widget-text-editor\" data-id=\"17d05ff\" data-element_type=\"widget\" data-widget_type=\"text-editor.default\">\n\t\t\t\t<div class=\"elementor-widget-container\">\n\t\t\t\t\t\t\t<p>Gli abbonati ricevono sempre nuove informazioni e offerte speciali!<\/p>\n\t\t\t\t\t\t<\/div>\n\t\t\t\t<\/div>\n\t\t\t\t<div class=\"elementor-element elementor-element-4c311c9 elementor-widget elementor-widget-spacer\" data-id=\"4c311c9\" data-element_type=\"widget\" data-widget_type=\"spacer.default\">\n\t\t\t\t<div class=\"elementor-widget-container\">\n\t\t\t\t\t<div class=\"elementor-spacer\">\n\t\t\t<div class=\"elementor-spacer-inner\"><\/div>\n\t\t<\/div>\n\t\t\t\t<\/div>\n\t\t\t\t<\/div>\n\t\t\t\t<div class=\"elementor-element elementor-element-2ea9e29 elementor-button-align-stretch elementor-widget elementor-widget-form\" data-id=\"2ea9e29\" data-element_type=\"widget\" data-settings=\"{&quot;step_next_label&quot;:&quot;Prossimo&quot;,&quot;step_previous_label&quot;:&quot;Precedente&quot;,&quot;button_width&quot;:&quot;100&quot;,&quot;step_type&quot;:&quot;number_text&quot;,&quot;step_icon_shape&quot;:&quot;circle&quot;}\" data-widget_type=\"form.default\">\n\t\t\t\t<div class=\"elementor-widget-container\">\n\t\t\t\t\t<form class=\"elementor-form\" method=\"post\" name=\"Nuovo modulo\">\n\t\t\t<input type=\"hidden\" name=\"post_id\" value=\"4307\"\/>\n\t\t\t<input type=\"hidden\" name=\"form_id\" value=\"2ea9e29\"\/>\n\t\t\t<input type=\"hidden\" name=\"referer_title\" value=\"GALLETTO &#8211; Skup, eksport, import oraz sprzeda\u017c ja\u0142owca.\" \/>\n\n\t\t\t\n\t\t\t<div class=\"elementor-form-fields-wrapper elementor-labels-\">\n\t\t\t\t\t\t\t\t<div class=\"elementor-field-type-text elementor-field-group elementor-column elementor-field-group-name elementor-col-100 elementor-field-required\">\n\t\t\t\t\t<label for=\"form-field-name\" class=\"elementor-field-label elementor-screen-only\">Nome<\/label><input size=\"1\" type=\"text\" name=\"form_fields[name]\" id=\"form-field-name\" class=\"elementor-field elementor-size-md  elementor-field-textual\" placeholder=\"Nome e cognome\" required=\"required\" aria-required=\"true\">\t\t\t\t<\/div>\n\t\t\t\t\t\t\t\t<div class=\"elementor-field-type-email elementor-field-group elementor-column elementor-field-group-email elementor-col-100 elementor-field-required\">\n\t\t\t\t\t<label for=\"form-field-email\" class=\"elementor-field-label elementor-screen-only\">Email<\/label><input size=\"1\" type=\"email\" name=\"form_fields[email]\" id=\"form-field-email\" class=\"elementor-field elementor-size-md  elementor-field-textual\" placeholder=\"Email\" required=\"required\" aria-required=\"true\">\t\t\t\t<\/div>\n\t\t\t\t\t\t\t\t<div class=\"elementor-field-type-checkbox elementor-field-group elementor-column elementor-field-group-field_24cd80d elementor-col-100\">\n\t\t\t\t\t<div class=\"elementor-field-subgroup  \"><span class=\"elementor-field-option\"><input type=\"checkbox\" value=\"Accetto di ricevere messaggi da GALLETTO.\" id=\"form-field-field_24cd80d-0\" name=\"form_fields[field_24cd80d]\"> <label for=\"form-field-field_24cd80d-0\">Accetto di ricevere messaggi da GALLETTO.<\/label><\/span><\/div>\t\t\t\t<\/div>\n\t\t\t\t\t\t\t\t<div class=\"elementor-field-group elementor-column elementor-field-type-submit elementor-col-100 e-form__buttons\">\n\t\t\t\t\t<button type=\"submit\" class=\"elementor-button elementor-size-md\">\n\t\t\t\t\t\t<span >\n\t\t\t\t\t\t\t\t\t\t\t\t\t\t\t<span class=\" elementor-button-icon\">\n\t\t\t\t\t\t\t\t\t\t\t\t\t\t\t\t\t\t\t\t\t\t\t\t\t\t<\/span>\n\t\t\t\t\t\t\t\t\t\t\t\t\t\t\t\t\t\t\t\t\t\t<span class=\"elementor-button-text\">Salvami<\/span>\n\t\t\t\t\t\t\t\t\t\t\t\t\t<\/span>\n\t\t\t\t\t<\/button>\n\t\t\t\t<\/div>\n\t\t\t<\/div>\n\t\t<\/form>\n\t\t\t\t<\/div>\n\t\t\t\t<\/div>\n\t\t\t\t\t<\/div>\n\t\t<\/div>\n\t\t\t\t\t\t\t<\/div>\n\t\t<\/section>\n\t\t\t\t\t\t<\/div>\n\t\t\t\t\t<\/div>\n\t\t","protected":false},"excerpt":{"rendered":"<p>Rimani aggiornato! Gli abbonati ricevono sempre nuove informazioni e offerte speciali!<\/p>\n","protected":false},"author":1,"featured_media":3949,"parent":0,"menu_order":0,"comment_status":"closed","ping_status":"closed","template":"","meta":[],"yoast_head":"<!-- This site is optimized with the Yoast SEO plugin v20.6 - https:\/\/yoast.com\/wordpress\/plugins\/seo\/ -->\n<title>Newsletter - GALLETTO - Skup, eksport, import oraz sprzeda\u017c ja\u0142owca.<\/title>\n<meta name=\"robots\" content=\"index, follow, max-snippet:-1, max-image-preview:large, max-video-preview:-1\" \/>\n<link rel=\"canonical\" href=\"https:\/\/juniperi.pl\/it\/newsletter\/\" \/>\n<meta property=\"og:locale\" content=\"it_IT\" \/>\n<meta property=\"og:type\" content=\"article\" \/>\n<meta property=\"og:title\" content=\"Newsletter - GALLETTO - Skup, eksport, import oraz sprzeda\u017c ja\u0142owca.\" \/>\n<meta property=\"og:description\" content=\"Rimani aggiornato! Gli abbonati ricevono sempre nuove informazioni e offerte speciali!\" \/>\n<meta property=\"og:url\" content=\"https:\/\/juniperi.pl\/it\/newsletter\/\" \/>\n<meta property=\"og:site_name\" content=\"GALLETTO - Skup, eksport, import oraz sprzeda\u017c ja\u0142owca.\" \/>\n<meta property=\"article:modified_time\" content=\"2021-10-25T17:08:58+00:00\" \/>\n<meta property=\"og:image\" content=\"https:\/\/juniperi.pl\/wp-content\/uploads\/2021\/05\/w-bg-103.jpg\" \/>\n\t<meta property=\"og:image:width\" content=\"1500\" \/>\n\t<meta property=\"og:image:height\" content=\"1000\" \/>\n\t<meta property=\"og:image:type\" content=\"image\/jpeg\" \/>\n<meta name=\"twitter:card\" content=\"summary_large_image\" \/>\n<script type=\"application\/ld+json\" class=\"yoast-schema-graph\">{\"@context\":\"https:\/\/schema.org\",\"@graph\":[{\"@type\":\"WebPage\",\"@id\":\"https:\/\/juniperi.pl\/it\/newsletter\/\",\"url\":\"https:\/\/juniperi.pl\/it\/newsletter\/\",\"name\":\"Newsletter - GALLETTO - Skup, eksport, import oraz sprzeda\u017c ja\u0142owca.\",\"isPartOf\":{\"@id\":\"https:\/\/juniperi.pl\/it\/#website\"},\"datePublished\":\"2021-10-25T17:08:56+00:00\",\"dateModified\":\"2021-10-25T17:08:58+00:00\",\"breadcrumb\":{\"@id\":\"https:\/\/juniperi.pl\/it\/newsletter\/#breadcrumb\"},\"inLanguage\":\"it-IT\",\"potentialAction\":[{\"@type\":\"ReadAction\",\"target\":[\"https:\/\/juniperi.pl\/it\/newsletter\/\"]}]},{\"@type\":\"BreadcrumbList\",\"@id\":\"https:\/\/juniperi.pl\/it\/newsletter\/#breadcrumb\",\"itemListElement\":[{\"@type\":\"ListItem\",\"position\":1,\"name\":\"Strona g\u0142\u00f3wna\",\"item\":\"https:\/\/juniperi.pl\/it\/\"},{\"@type\":\"ListItem\",\"position\":2,\"name\":\"Newsletter\"}]},{\"@type\":\"WebSite\",\"@id\":\"https:\/\/juniperi.pl\/it\/#website\",\"url\":\"https:\/\/juniperi.pl\/it\/\",\"name\":\"GALLETTO - Skup, eksport, import oraz sprzeda\u017c ja\u0142owca.\",\"description\":\"Skup, eksport, import oraz sprzeda\u017c owoc\u00f3w ja\u0142owca.\",\"potentialAction\":[{\"@type\":\"SearchAction\",\"target\":{\"@type\":\"EntryPoint\",\"urlTemplate\":\"https:\/\/juniperi.pl\/it\/?s={search_term_string}\"},\"query-input\":\"required name=search_term_string\"}],\"inLanguage\":\"it-IT\"}]}<\/script>\n<!-- \/ Yoast SEO plugin. -->","yoast_head_json":{"title":"Newsletter - GALLETTO - Skup, eksport, import oraz sprzeda\u017c ja\u0142owca.","robots":{"index":"index","follow":"follow","max-snippet":"max-snippet:-1","max-image-preview":"max-image-preview:large","max-video-preview":"max-video-preview:-1"},"canonical":"https:\/\/juniperi.pl\/it\/newsletter\/","og_locale":"it_IT","og_type":"article","og_title":"Newsletter - GALLETTO - Skup, eksport, import oraz sprzeda\u017c ja\u0142owca.","og_description":"Rimani aggiornato! Gli abbonati ricevono sempre nuove informazioni e offerte speciali!","og_url":"https:\/\/juniperi.pl\/it\/newsletter\/","og_site_name":"GALLETTO - Skup, eksport, import oraz sprzeda\u017c ja\u0142owca.","article_modified_time":"2021-10-25T17:08:58+00:00","og_image":[{"width":1500,"height":1000,"url":"https:\/\/juniperi.pl\/wp-content\/uploads\/2021\/05\/w-bg-103.jpg","type":"image\/jpeg"}],"twitter_card":"summary_large_image","schema":{"@context":"https:\/\/schema.org","@graph":[{"@type":"WebPage","@id":"https:\/\/juniperi.pl\/it\/newsletter\/","url":"https:\/\/juniperi.pl\/it\/newsletter\/","name":"Newsletter - GALLETTO - Skup, eksport, import oraz sprzeda\u017c ja\u0142owca.","isPartOf":{"@id":"https:\/\/juniperi.pl\/it\/#website"},"datePublished":"2021-10-25T17:08:56+00:00","dateModified":"2021-10-25T17:08:58+00:00","breadcrumb":{"@id":"https:\/\/juniperi.pl\/it\/newsletter\/#breadcrumb"},"inLanguage":"it-IT","potentialAction":[{"@type":"ReadAction","target":["https:\/\/juniperi.pl\/it\/newsletter\/"]}]},{"@type":"BreadcrumbList","@id":"https:\/\/juniperi.pl\/it\/newsletter\/#breadcrumb","itemListElement":[{"@type":"ListItem","position":1,"name":"Strona g\u0142\u00f3wna","item":"https:\/\/juniperi.pl\/it\/"},{"@type":"ListItem","position":2,"name":"Newsletter"}]},{"@type":"WebSite","@id":"https:\/\/juniperi.pl\/it\/#website","url":"https:\/\/juniperi.pl\/it\/","name":"GALLETTO - Skup, eksport, import oraz sprzeda\u017c ja\u0142owca.","description":"Skup, eksport, import oraz sprzeda\u017c owoc\u00f3w ja\u0142owca.","potentialAction":[{"@type":"SearchAction","target":{"@type":"EntryPoint","urlTemplate":"https:\/\/juniperi.pl\/it\/?s={search_term_string}"},"query-input":"required name=search_term_string"}],"inLanguage":"it-IT"}]}},"_links":{"self":[{"href":"https:\/\/juniperi.pl\/it\/wp-json\/wp\/v2\/pages\/4307"}],"collection":[{"href":"https:\/\/juniperi.pl\/it\/wp-json\/wp\/v2\/pages"}],"about":[{"href":"https:\/\/juniperi.pl\/it\/wp-json\/wp\/v2\/types\/page"}],"author":[{"embeddable":true,"href":"https:\/\/juniperi.pl\/it\/wp-json\/wp\/v2\/users\/1"}],"replies":[{"embeddable":true,"href":"https:\/\/juniperi.pl\/it\/wp-json\/wp\/v2\/comments?post=4307"}],"version-history":[{"count":1,"href":"https:\/\/juniperi.pl\/it\/wp-json\/wp\/v2\/pages\/4307\/revisions"}],"predecessor-version":[{"id":4308,"href":"https:\/\/juniperi.pl\/it\/wp-json\/wp\/v2\/pages\/4307\/revisions\/4308"}],"wp:featuredmedia":[{"embeddable":true,"href":"https:\/\/juniperi.pl\/it\/wp-json\/wp\/v2\/media\/3949"}],"wp:attachment":[{"href":"https:\/\/juniperi.pl\/it\/wp-json\/wp\/v2\/media?parent=4307"}],"curies":[{"name":"wp","href":"https:\/\/api.w.org\/{rel}","templated":true}]}}