{"id":4317,"date":"2021-10-25T19:25:05","date_gmt":"2021-10-25T17:25:05","guid":{"rendered":"https:\/\/juniperi.pl\/servizio-pulizia-e-selezione\/"},"modified":"2021-10-25T19:25:06","modified_gmt":"2021-10-25T17:25:06","slug":"servizio-pulizia-e-selezione","status":"publish","type":"page","link":"https:\/\/juniperi.pl\/it\/servizio-pulizia-e-selezione\/","title":{"rendered":"SERVIZIO PULIZIA E SELEZIONE"},"content":{"rendered":"\t\t<div data-elementor-type=\"wp-page\" data-elementor-id=\"4317\" class=\"elementor elementor-4317 elementor-3615\" data-elementor-settings=\"[]\">\n\t\t\t\t\t\t\t<div class=\"elementor-section-wrap\">\n\t\t\t\t\t\t\t<section class=\"elementor-section elementor-top-section elementor-element elementor-element-c2da1f6 elementor-section-full_width elementor-section-height-min-height elementor-section-items-stretch elementor-section-content-middle elementor-reverse-mobile elementor-section-height-default\" data-id=\"c2da1f6\" data-element_type=\"section\">\n\t\t\t\t\t\t<div class=\"elementor-container elementor-column-gap-no\">\n\t\t\t\t\t<div class=\"elementor-column elementor-col-50 elementor-top-column elementor-element elementor-element-0545128\" data-id=\"0545128\" data-element_type=\"column\" data-settings=\"{&quot;background_background&quot;:&quot;classic&quot;}\">\n\t\t\t<div class=\"elementor-widget-wrap elementor-element-populated\">\n\t\t\t\t\t\t\t\t<div class=\"elementor-element elementor-element-8e0bdb7 elementor-widget elementor-widget-spacer\" data-id=\"8e0bdb7\" data-element_type=\"widget\" data-widget_type=\"spacer.default\">\n\t\t\t\t<div class=\"elementor-widget-container\">\n\t\t\t\t\t<div class=\"elementor-spacer\">\n\t\t\t<div class=\"elementor-spacer-inner\"><\/div>\n\t\t<\/div>\n\t\t\t\t<\/div>\n\t\t\t\t<\/div>\n\t\t\t\t\t<\/div>\n\t\t<\/div>\n\t\t\t\t<div class=\"elementor-column elementor-col-50 elementor-top-column elementor-element elementor-element-993a9f1\" data-id=\"993a9f1\" data-element_type=\"column\">\n\t\t\t<div class=\"elementor-widget-wrap elementor-element-populated\">\n\t\t\t\t\t\t\t\t<section class=\"elementor-section elementor-inner-section elementor-element elementor-element-ed15763 elementor-section-boxed elementor-section-height-default elementor-section-height-default\" data-id=\"ed15763\" data-element_type=\"section\">\n\t\t\t\t\t\t<div class=\"elementor-container elementor-column-gap-wide\">\n\t\t\t\t\t<div class=\"elementor-column elementor-col-100 elementor-inner-column elementor-element elementor-element-a88fc36\" data-id=\"a88fc36\" data-element_type=\"column\">\n\t\t\t<div class=\"elementor-widget-wrap elementor-element-populated\">\n\t\t\t\t\t\t\t\t<div class=\"elementor-element elementor-element-1bb7f68 elementor-widget elementor-widget-heading\" data-id=\"1bb7f68\" data-element_type=\"widget\" data-widget_type=\"heading.default\">\n\t\t\t\t<div class=\"elementor-widget-container\">\n\t\t\t<h3 class=\"elementor-heading-title elementor-size-default\">Passaggi di ordinamento<\/h3>\t\t<\/div>\n\t\t\t\t<\/div>\n\t\t\t\t<div class=\"elementor-element elementor-element-632a7ed elementor-widget elementor-widget-spacer\" data-id=\"632a7ed\" data-element_type=\"widget\" data-widget_type=\"spacer.default\">\n\t\t\t\t<div class=\"elementor-widget-container\">\n\t\t\t\t\t<div class=\"elementor-spacer\">\n\t\t\t<div class=\"elementor-spacer-inner\"><\/div>\n\t\t<\/div>\n\t\t\t\t<\/div>\n\t\t\t\t<\/div>\n\t\t\t\t<div class=\"elementor-element elementor-element-8565707 elementor-align-left elementor-icon-list--layout-traditional elementor-list-item-link-full_width elementor-widget elementor-widget-icon-list\" data-id=\"8565707\" data-element_type=\"widget\" data-widget_type=\"icon-list.default\">\n\t\t\t\t<div class=\"elementor-widget-container\">\n\t\t\t\t\t<ul class=\"elementor-icon-list-items\">\n\t\t\t\t\t\t\t<li class=\"elementor-icon-list-item\">\n\t\t\t\t\t\t\t\t\t\t\t<span class=\"elementor-icon-list-icon\">\n\t\t\t\t\t\t\t<i aria-hidden=\"true\" class=\"fas fa-genderless\"><\/i>\t\t\t\t\t\t<\/span>\n\t\t\t\t\t\t\t\t\t\t<span class=\"elementor-icon-list-text\">Pulizia iniziale.<\/span>\n\t\t\t\t\t\t\t\t\t<\/li>\n\t\t\t\t\t\t\t\t<li class=\"elementor-icon-list-item\">\n\t\t\t\t\t\t\t\t\t\t\t<span class=\"elementor-icon-list-icon\">\n\t\t\t\t\t\t\t<i aria-hidden=\"true\" class=\"fas fa-genderless\"><\/i>\t\t\t\t\t\t<\/span>\n\t\t\t\t\t\t\t\t\t\t<span class=\"elementor-icon-list-text\">Pulizia fine.<\/span>\n\t\t\t\t\t\t\t\t\t<\/li>\n\t\t\t\t\t\t\t\t<li class=\"elementor-icon-list-item\">\n\t\t\t\t\t\t\t\t\t\t\t<span class=\"elementor-icon-list-icon\">\n\t\t\t\t\t\t\t<i aria-hidden=\"true\" class=\"fas fa-genderless\"><\/i>\t\t\t\t\t\t<\/span>\n\t\t\t\t\t\t\t\t\t\t<span class=\"elementor-icon-list-text\">Tavolo vibrante.<\/span>\n\t\t\t\t\t\t\t\t\t<\/li>\n\t\t\t\t\t\t\t\t<li class=\"elementor-icon-list-item\">\n\t\t\t\t\t\t\t\t\t\t\t<span class=\"elementor-icon-list-icon\">\n\t\t\t\t\t\t\t<i aria-hidden=\"true\" class=\"fas fa-genderless\"><\/i>\t\t\t\t\t\t<\/span>\n\t\t\t\t\t\t\t\t\t\t<span class=\"elementor-icon-list-text\">Selezionatore di setaccio.<\/span>\n\t\t\t\t\t\t\t\t\t<\/li>\n\t\t\t\t\t\t<\/ul>\n\t\t\t\t<\/div>\n\t\t\t\t<\/div>\n\t\t\t\t<div class=\"elementor-element elementor-element-9b24100 elementor-widget elementor-widget-spacer\" data-id=\"9b24100\" data-element_type=\"widget\" data-widget_type=\"spacer.default\">\n\t\t\t\t<div class=\"elementor-widget-container\">\n\t\t\t\t\t<div class=\"elementor-spacer\">\n\t\t\t<div class=\"elementor-spacer-inner\"><\/div>\n\t\t<\/div>\n\t\t\t\t<\/div>\n\t\t\t\t<\/div>\n\t\t\t\t\t<\/div>\n\t\t<\/div>\n\t\t\t\t\t\t\t<\/div>\n\t\t<\/section>\n\t\t\t\t\t<\/div>\n\t\t<\/div>\n\t\t\t\t\t\t\t<\/div>\n\t\t<\/section>\n\t\t\t\t<section class=\"elementor-section elementor-top-section elementor-element elementor-element-a55e0e5 elementor-section-full_width elementor-section-height-min-height elementor-section-items-stretch elementor-section-content-middle elementor-section-height-default\" data-id=\"a55e0e5\" data-element_type=\"section\">\n\t\t\t\t\t\t<div class=\"elementor-container elementor-column-gap-no\">\n\t\t\t\t\t<div class=\"elementor-column elementor-col-50 elementor-top-column elementor-element elementor-element-7659275\" data-id=\"7659275\" data-element_type=\"column\">\n\t\t\t<div class=\"elementor-widget-wrap elementor-element-populated\">\n\t\t\t\t\t\t\t\t<section class=\"elementor-section elementor-inner-section elementor-element elementor-element-fe4f3ff elementor-section-boxed elementor-section-height-default elementor-section-height-default\" data-id=\"fe4f3ff\" data-element_type=\"section\">\n\t\t\t\t\t\t<div class=\"elementor-container elementor-column-gap-wide\">\n\t\t\t\t\t<div class=\"elementor-column elementor-col-100 elementor-inner-column elementor-element elementor-element-a69de09\" data-id=\"a69de09\" data-element_type=\"column\">\n\t\t\t<div class=\"elementor-widget-wrap elementor-element-populated\">\n\t\t\t\t\t\t\t\t<div class=\"elementor-element elementor-element-2ac3568 elementor-widget elementor-widget-heading\" data-id=\"2ac3568\" data-element_type=\"widget\" data-widget_type=\"heading.default\">\n\t\t\t\t<div class=\"elementor-widget-container\">\n\t\t\t<h3 class=\"elementor-heading-title elementor-size-default\">Selezionatrice ottica<\/h3>\t\t<\/div>\n\t\t\t\t<\/div>\n\t\t\t\t<div class=\"elementor-element elementor-element-d3e96ec elementor-widget elementor-widget-spacer\" data-id=\"d3e96ec\" data-element_type=\"widget\" data-widget_type=\"spacer.default\">\n\t\t\t\t<div class=\"elementor-widget-container\">\n\t\t\t\t\t<div class=\"elementor-spacer\">\n\t\t\t<div class=\"elementor-spacer-inner\"><\/div>\n\t\t<\/div>\n\t\t\t\t<\/div>\n\t\t\t\t<\/div>\n\t\t\t\t<div class=\"elementor-element elementor-element-256cfb2 elementor-align-left elementor-icon-list--layout-traditional elementor-list-item-link-full_width elementor-widget elementor-widget-icon-list\" data-id=\"256cfb2\" data-element_type=\"widget\" data-widget_type=\"icon-list.default\">\n\t\t\t\t<div class=\"elementor-widget-container\">\n\t\t\t\t\t<ul class=\"elementor-icon-list-items\">\n\t\t\t\t\t\t\t<li class=\"elementor-icon-list-item\">\n\t\t\t\t\t\t\t\t\t\t\t<span class=\"elementor-icon-list-icon\">\n\t\t\t\t\t\t\t<i aria-hidden=\"true\" class=\"fas fa-genderless\"><\/i>\t\t\t\t\t\t<\/span>\n\t\t\t\t\t\t\t\t\t\t<span class=\"elementor-icon-list-text\">Rilevamento di difetti di colore sotto forma di macchie con un diametro di 150 micrometri.<\/span>\n\t\t\t\t\t\t\t\t\t<\/li>\n\t\t\t\t\t\t\t\t<li class=\"elementor-icon-list-item\">\n\t\t\t\t\t\t\t\t\t\t\t<span class=\"elementor-icon-list-icon\">\n\t\t\t\t\t\t\t<i aria-hidden=\"true\" class=\"fas fa-genderless\"><\/i>\t\t\t\t\t\t<\/span>\n\t\t\t\t\t\t\t\t\t\t<span class=\"elementor-icon-list-text\">Analisi completa del colore per distinguere non solo i colori, ma anche sfumature sottili.<\/span>\n\t\t\t\t\t\t\t\t\t<\/li>\n\t\t\t\t\t\t\t\t<li class=\"elementor-icon-list-item\">\n\t\t\t\t\t\t\t\t\t\t\t<span class=\"elementor-icon-list-icon\">\n\t\t\t\t\t\t\t<i aria-hidden=\"true\" class=\"fas fa-genderless\"><\/i>\t\t\t\t\t\t<\/span>\n\t\t\t\t\t\t\t\t\t\t<span class=\"elementor-icon-list-text\">Rifiuta fino a cinque diversi difetti di colore in un processo di smistamento.<\/span>\n\t\t\t\t\t\t\t\t\t<\/li>\n\t\t\t\t\t\t\t\t<li class=\"elementor-icon-list-item\">\n\t\t\t\t\t\t\t\t\t\t\t<span class=\"elementor-icon-list-icon\">\n\t\t\t\t\t\t\t<i aria-hidden=\"true\" class=\"fas fa-genderless\"><\/i>\t\t\t\t\t\t<\/span>\n\t\t\t\t\t\t\t\t\t\t<span class=\"elementor-icon-list-text\">Definire un sesto criterio di rifiuto basato sull'analisi di forma e dimensione.<\/span>\n\t\t\t\t\t\t\t\t\t<\/li>\n\t\t\t\t\t\t<\/ul>\n\t\t\t\t<\/div>\n\t\t\t\t<\/div>\n\t\t\t\t<div class=\"elementor-element elementor-element-8799a26 elementor-widget elementor-widget-spacer\" data-id=\"8799a26\" data-element_type=\"widget\" data-widget_type=\"spacer.default\">\n\t\t\t\t<div class=\"elementor-widget-container\">\n\t\t\t\t\t<div class=\"elementor-spacer\">\n\t\t\t<div class=\"elementor-spacer-inner\"><\/div>\n\t\t<\/div>\n\t\t\t\t<\/div>\n\t\t\t\t<\/div>\n\t\t\t\t\t<\/div>\n\t\t<\/div>\n\t\t\t\t\t\t\t<\/div>\n\t\t<\/section>\n\t\t\t\t\t<\/div>\n\t\t<\/div>\n\t\t\t\t<div class=\"elementor-column elementor-col-50 elementor-top-column elementor-element elementor-element-5ff7405\" data-id=\"5ff7405\" data-element_type=\"column\" data-settings=\"{&quot;background_background&quot;:&quot;classic&quot;}\">\n\t\t\t<div class=\"elementor-widget-wrap elementor-element-populated\">\n\t\t\t\t\t\t\t\t<div class=\"elementor-element elementor-element-83afcaf elementor-widget elementor-widget-spacer\" data-id=\"83afcaf\" data-element_type=\"widget\" data-widget_type=\"spacer.default\">\n\t\t\t\t<div class=\"elementor-widget-container\">\n\t\t\t\t\t<div class=\"elementor-spacer\">\n\t\t\t<div class=\"elementor-spacer-inner\"><\/div>\n\t\t<\/div>\n\t\t\t\t<\/div>\n\t\t\t\t<\/div>\n\t\t\t\t\t<\/div>\n\t\t<\/div>\n\t\t\t\t\t\t\t<\/div>\n\t\t<\/section>\n\t\t\t\t\t\t<\/div>\n\t\t\t\t\t<\/div>\n\t\t","protected":false},"excerpt":{"rendered":"<p>Passaggi di ordinamento Pulizia iniziale. Pulizia fine. Tavolo vibrante. Selezionatore di setaccio. Selezionatrice ottica Rilevamento di difetti di colore sotto forma di macchie con un diametro di 150 micrometri. Analisi completa del colore per distinguere non solo i colori, ma anche sfumature sottili. Rifiuta fino a cinque diversi difetti di colore in un processo di&hellip;<\/p>\n","protected":false},"author":1,"featured_media":4213,"parent":0,"menu_order":20,"comment_status":"closed","ping_status":"closed","template":"","meta":[],"yoast_head":"<!-- This site is optimized with the Yoast SEO plugin v20.6 - https:\/\/yoast.com\/wordpress\/plugins\/seo\/ -->\n<title>SERVIZIO PULIZIA E SELEZIONE - GALLETTO - Skup, eksport, import oraz sprzeda\u017c ja\u0142owca.<\/title>\n<meta name=\"robots\" content=\"index, follow, max-snippet:-1, max-image-preview:large, max-video-preview:-1\" \/>\n<link rel=\"canonical\" href=\"https:\/\/juniperi.pl\/it\/servizio-pulizia-e-selezione\/\" \/>\n<meta property=\"og:locale\" content=\"it_IT\" \/>\n<meta property=\"og:type\" content=\"article\" \/>\n<meta property=\"og:title\" content=\"SERVIZIO PULIZIA E SELEZIONE - GALLETTO - Skup, eksport, import oraz sprzeda\u017c ja\u0142owca.\" \/>\n<meta property=\"og:description\" content=\"Passaggi di ordinamento Pulizia iniziale. Pulizia fine. Tavolo vibrante. Selezionatore di setaccio. Selezionatrice ottica Rilevamento di difetti di colore sotto forma di macchie con un diametro di 150 micrometri. Analisi completa del colore per distinguere non solo i colori, ma anche sfumature sottili. Rifiuta fino a cinque diversi difetti di colore in un processo di&hellip;\" \/>\n<meta property=\"og:url\" content=\"https:\/\/juniperi.pl\/it\/servizio-pulizia-e-selezione\/\" \/>\n<meta property=\"og:site_name\" content=\"GALLETTO - Skup, eksport, import oraz sprzeda\u017c ja\u0142owca.\" \/>\n<meta property=\"article:modified_time\" content=\"2021-10-25T17:25:06+00:00\" \/>\n<meta property=\"og:image\" content=\"https:\/\/juniperi.pl\/wp-content\/uploads\/2021\/09\/Slider-Juniperi-Galletto-004.jpg\" \/>\n\t<meta property=\"og:image:width\" content=\"1500\" \/>\n\t<meta property=\"og:image:height\" content=\"1000\" \/>\n\t<meta property=\"og:image:type\" content=\"image\/jpeg\" \/>\n<meta name=\"twitter:card\" content=\"summary_large_image\" \/>\n<script type=\"application\/ld+json\" class=\"yoast-schema-graph\">{\"@context\":\"https:\/\/schema.org\",\"@graph\":[{\"@type\":\"WebPage\",\"@id\":\"https:\/\/juniperi.pl\/it\/servizio-pulizia-e-selezione\/\",\"url\":\"https:\/\/juniperi.pl\/it\/servizio-pulizia-e-selezione\/\",\"name\":\"SERVIZIO PULIZIA E SELEZIONE - GALLETTO - Skup, eksport, import oraz sprzeda\u017c ja\u0142owca.\",\"isPartOf\":{\"@id\":\"https:\/\/juniperi.pl\/it\/#website\"},\"datePublished\":\"2021-10-25T17:25:05+00:00\",\"dateModified\":\"2021-10-25T17:25:06+00:00\",\"breadcrumb\":{\"@id\":\"https:\/\/juniperi.pl\/it\/servizio-pulizia-e-selezione\/#breadcrumb\"},\"inLanguage\":\"it-IT\",\"potentialAction\":[{\"@type\":\"ReadAction\",\"target\":[\"https:\/\/juniperi.pl\/it\/servizio-pulizia-e-selezione\/\"]}]},{\"@type\":\"BreadcrumbList\",\"@id\":\"https:\/\/juniperi.pl\/it\/servizio-pulizia-e-selezione\/#breadcrumb\",\"itemListElement\":[{\"@type\":\"ListItem\",\"position\":1,\"name\":\"Strona g\u0142\u00f3wna\",\"item\":\"https:\/\/juniperi.pl\/it\/\"},{\"@type\":\"ListItem\",\"position\":2,\"name\":\"SERVIZIO PULIZIA E SELEZIONE\"}]},{\"@type\":\"WebSite\",\"@id\":\"https:\/\/juniperi.pl\/it\/#website\",\"url\":\"https:\/\/juniperi.pl\/it\/\",\"name\":\"GALLETTO - Skup, eksport, import oraz sprzeda\u017c ja\u0142owca.\",\"description\":\"Skup, eksport, import oraz sprzeda\u017c owoc\u00f3w ja\u0142owca.\",\"potentialAction\":[{\"@type\":\"SearchAction\",\"target\":{\"@type\":\"EntryPoint\",\"urlTemplate\":\"https:\/\/juniperi.pl\/it\/?s={search_term_string}\"},\"query-input\":\"required name=search_term_string\"}],\"inLanguage\":\"it-IT\"}]}<\/script>\n<!-- \/ Yoast SEO plugin. -->","yoast_head_json":{"title":"SERVIZIO PULIZIA E SELEZIONE - GALLETTO - Skup, eksport, import oraz sprzeda\u017c ja\u0142owca.","robots":{"index":"index","follow":"follow","max-snippet":"max-snippet:-1","max-image-preview":"max-image-preview:large","max-video-preview":"max-video-preview:-1"},"canonical":"https:\/\/juniperi.pl\/it\/servizio-pulizia-e-selezione\/","og_locale":"it_IT","og_type":"article","og_title":"SERVIZIO PULIZIA E SELEZIONE - GALLETTO - Skup, eksport, import oraz sprzeda\u017c ja\u0142owca.","og_description":"Passaggi di ordinamento Pulizia iniziale. Pulizia fine. Tavolo vibrante. Selezionatore di setaccio. Selezionatrice ottica Rilevamento di difetti di colore sotto forma di macchie con un diametro di 150 micrometri. Analisi completa del colore per distinguere non solo i colori, ma anche sfumature sottili. Rifiuta fino a cinque diversi difetti di colore in un processo di&hellip;","og_url":"https:\/\/juniperi.pl\/it\/servizio-pulizia-e-selezione\/","og_site_name":"GALLETTO - Skup, eksport, import oraz sprzeda\u017c ja\u0142owca.","article_modified_time":"2021-10-25T17:25:06+00:00","og_image":[{"width":1500,"height":1000,"url":"https:\/\/juniperi.pl\/wp-content\/uploads\/2021\/09\/Slider-Juniperi-Galletto-004.jpg","type":"image\/jpeg"}],"twitter_card":"summary_large_image","schema":{"@context":"https:\/\/schema.org","@graph":[{"@type":"WebPage","@id":"https:\/\/juniperi.pl\/it\/servizio-pulizia-e-selezione\/","url":"https:\/\/juniperi.pl\/it\/servizio-pulizia-e-selezione\/","name":"SERVIZIO PULIZIA E SELEZIONE - GALLETTO - Skup, eksport, import oraz sprzeda\u017c ja\u0142owca.","isPartOf":{"@id":"https:\/\/juniperi.pl\/it\/#website"},"datePublished":"2021-10-25T17:25:05+00:00","dateModified":"2021-10-25T17:25:06+00:00","breadcrumb":{"@id":"https:\/\/juniperi.pl\/it\/servizio-pulizia-e-selezione\/#breadcrumb"},"inLanguage":"it-IT","potentialAction":[{"@type":"ReadAction","target":["https:\/\/juniperi.pl\/it\/servizio-pulizia-e-selezione\/"]}]},{"@type":"BreadcrumbList","@id":"https:\/\/juniperi.pl\/it\/servizio-pulizia-e-selezione\/#breadcrumb","itemListElement":[{"@type":"ListItem","position":1,"name":"Strona g\u0142\u00f3wna","item":"https:\/\/juniperi.pl\/it\/"},{"@type":"ListItem","position":2,"name":"SERVIZIO PULIZIA E SELEZIONE"}]},{"@type":"WebSite","@id":"https:\/\/juniperi.pl\/it\/#website","url":"https:\/\/juniperi.pl\/it\/","name":"GALLETTO - Skup, eksport, import oraz sprzeda\u017c ja\u0142owca.","description":"Skup, eksport, import oraz sprzeda\u017c owoc\u00f3w ja\u0142owca.","potentialAction":[{"@type":"SearchAction","target":{"@type":"EntryPoint","urlTemplate":"https:\/\/juniperi.pl\/it\/?s={search_term_string}"},"query-input":"required name=search_term_string"}],"inLanguage":"it-IT"}]}},"_links":{"self":[{"href":"https:\/\/juniperi.pl\/it\/wp-json\/wp\/v2\/pages\/4317"}],"collection":[{"href":"https:\/\/juniperi.pl\/it\/wp-json\/wp\/v2\/pages"}],"about":[{"href":"https:\/\/juniperi.pl\/it\/wp-json\/wp\/v2\/types\/page"}],"author":[{"embeddable":true,"href":"https:\/\/juniperi.pl\/it\/wp-json\/wp\/v2\/users\/1"}],"replies":[{"embeddable":true,"href":"https:\/\/juniperi.pl\/it\/wp-json\/wp\/v2\/comments?post=4317"}],"version-history":[{"count":1,"href":"https:\/\/juniperi.pl\/it\/wp-json\/wp\/v2\/pages\/4317\/revisions"}],"predecessor-version":[{"id":4318,"href":"https:\/\/juniperi.pl\/it\/wp-json\/wp\/v2\/pages\/4317\/revisions\/4318"}],"wp:featuredmedia":[{"embeddable":true,"href":"https:\/\/juniperi.pl\/it\/wp-json\/wp\/v2\/media\/4213"}],"wp:attachment":[{"href":"https:\/\/juniperi.pl\/it\/wp-json\/wp\/v2\/media?parent=4317"}],"curies":[{"name":"wp","href":"https:\/\/api.w.org\/{rel}","templated":true}]}}