{"id":4576,"date":"2021-11-25T14:50:56","date_gmt":"2021-11-25T13:50:56","guid":{"rendered":"https:\/\/juniperi.pl\/%d0%ba%d0%be%d0%bd%d1%82%d0%b0%d0%ba%d1%82\/"},"modified":"2021-11-25T14:51:18","modified_gmt":"2021-11-25T13:51:18","slug":"%d0%ba%d0%be%d0%bd%d1%82%d0%b0%d0%ba%d1%82","status":"publish","type":"page","link":"https:\/\/juniperi.pl\/ru\/%d0%ba%d0%be%d0%bd%d1%82%d0%b0%d0%ba%d1%82\/","title":{"rendered":"\u041a\u041e\u041d\u0422\u0410\u041a\u0422"},"content":{"rendered":"\t\t<div data-elementor-type=\"wp-page\" data-elementor-id=\"4576\" class=\"elementor elementor-4576 elementor-2441\" data-elementor-settings=\"[]\">\n\t\t\t\t\t\t\t<div class=\"elementor-section-wrap\">\n\t\t\t\t\t\t\t<section class=\"elementor-section elementor-top-section elementor-element elementor-element-9725aef elementor-section-boxed elementor-section-height-default elementor-section-height-default\" data-id=\"9725aef\" data-element_type=\"section\">\n\t\t\t\t\t\t<div class=\"elementor-container elementor-column-gap-wide\">\n\t\t\t\t\t<div class=\"elementor-column elementor-col-100 elementor-top-column elementor-element elementor-element-3ec961b\" data-id=\"3ec961b\" data-element_type=\"column\">\n\t\t\t<div class=\"elementor-widget-wrap elementor-element-populated\">\n\t\t\t\t\t\t\t\t<div class=\"elementor-element elementor-element-b924486 elementor-widget elementor-widget-heading\" data-id=\"b924486\" data-element_type=\"widget\" data-widget_type=\"heading.default\">\n\t\t\t\t<div class=\"elementor-widget-container\">\n\t\t\t<h3 class=\"elementor-heading-title elementor-size-default\">GALLETTO<\/h3>\t\t<\/div>\n\t\t\t\t<\/div>\n\t\t\t\t<div class=\"elementor-element elementor-element-11b4d6e elementor-widget elementor-widget-spacer\" data-id=\"11b4d6e\" data-element_type=\"widget\" data-widget_type=\"spacer.default\">\n\t\t\t\t<div class=\"elementor-widget-container\">\n\t\t\t\t\t<div class=\"elementor-spacer\">\n\t\t\t<div class=\"elementor-spacer-inner\"><\/div>\n\t\t<\/div>\n\t\t\t\t<\/div>\n\t\t\t\t<\/div>\n\t\t\t\t<div class=\"elementor-element elementor-element-2d5b86b elementor-widget elementor-widget-heading\" data-id=\"2d5b86b\" data-element_type=\"widget\" data-widget_type=\"heading.default\">\n\t\t\t\t<div class=\"elementor-widget-container\">\n\t\t\t<h5 class=\"elementor-heading-title elementor-size-default\">\u0443\u043b. Mazowiecka 54, 07-310 Komorowo, \u041f\u043e\u043b\u044c\u0448\u0430<\/h5>\t\t<\/div>\n\t\t\t\t<\/div>\n\t\t\t\t<div class=\"elementor-element elementor-element-df8e059 elementor-widget elementor-widget-spacer\" data-id=\"df8e059\" data-element_type=\"widget\" data-widget_type=\"spacer.default\">\n\t\t\t\t<div class=\"elementor-widget-container\">\n\t\t\t\t\t<div class=\"elementor-spacer\">\n\t\t\t<div class=\"elementor-spacer-inner\"><\/div>\n\t\t<\/div>\n\t\t\t\t<\/div>\n\t\t\t\t<\/div>\n\t\t\t\t<div class=\"elementor-element elementor-element-4f60837 elementor-widget elementor-widget-heading\" data-id=\"4f60837\" data-element_type=\"widget\" data-widget_type=\"heading.default\">\n\t\t\t\t<div class=\"elementor-widget-container\">\n\t\t\t<h5 class=\"elementor-heading-title elementor-size-default\">\u0442\u0435\u043b. +48 29 644-20-45<\/h5>\t\t<\/div>\n\t\t\t\t<\/div>\n\t\t\t\t<div class=\"elementor-element elementor-element-ba26d37 elementor-widget elementor-widget-spacer\" data-id=\"ba26d37\" data-element_type=\"widget\" data-widget_type=\"spacer.default\">\n\t\t\t\t<div class=\"elementor-widget-container\">\n\t\t\t\t\t<div class=\"elementor-spacer\">\n\t\t\t<div class=\"elementor-spacer-inner\"><\/div>\n\t\t<\/div>\n\t\t\t\t<\/div>\n\t\t\t\t<\/div>\n\t\t\t\t<div class=\"elementor-element elementor-element-40465e5 elementor-widget elementor-widget-heading\" data-id=\"40465e5\" data-element_type=\"widget\" data-widget_type=\"heading.default\">\n\t\t\t\t<div class=\"elementor-widget-container\">\n\t\t\t<h5 class=\"elementor-heading-title elementor-size-default\"><a href=\"mailto:biuro@galletto.pl\">biuro@galletto.pl<\/a><\/h5>\t\t<\/div>\n\t\t\t\t<\/div>\n\t\t\t\t<div class=\"elementor-element elementor-element-b261e98 elementor-widget elementor-widget-spacer\" data-id=\"b261e98\" data-element_type=\"widget\" data-widget_type=\"spacer.default\">\n\t\t\t\t<div class=\"elementor-widget-container\">\n\t\t\t\t\t<div class=\"elementor-spacer\">\n\t\t\t<div class=\"elementor-spacer-inner\"><\/div>\n\t\t<\/div>\n\t\t\t\t<\/div>\n\t\t\t\t<\/div>\n\t\t\t\t<div class=\"elementor-element elementor-element-96582f1 elementor-align-center elementor-widget elementor-widget-button\" data-id=\"96582f1\" data-element_type=\"widget\" data-widget_type=\"button.default\">\n\t\t\t\t<div class=\"elementor-widget-container\">\n\t\t\t\t\t<div class=\"elementor-button-wrapper\">\n\t\t\t<a href=\"https:\/\/www.google.com\/maps\/place\/%22Galletto%22+Jacek+Nieciecki\/@52.8303267,19.6164263,7z\/data=!4m5!3m4!1s0x0:0x37ca3815fe96cf2e!8m2!3d52.8303204!4d21.8488907\" target=\"_blank\" class=\"elementor-button-link elementor-button elementor-size-xs\" role=\"button\">\n\t\t\t\t\t\t<span class=\"elementor-button-content-wrapper\">\n\t\t\t\t\t\t<span class=\"elementor-button-icon elementor-align-icon-left\">\n\t\t\t\t<i aria-hidden=\"true\" class=\"fas fa-map-pin\"><\/i>\t\t\t<\/span>\n\t\t\t\t\t\t<span class=\"elementor-button-text\">\u041a\u0430\u043a \u043f\u043e\u043b\u0443\u0447\u0438\u0442\u044c?<\/span>\n\t\t<\/span>\n\t\t\t\t\t<\/a>\n\t\t<\/div>\n\t\t\t\t<\/div>\n\t\t\t\t<\/div>\n\t\t\t\t\t<\/div>\n\t\t<\/div>\n\t\t\t\t\t\t\t<\/div>\n\t\t<\/section>\n\t\t\t\t<section class=\"elementor-section elementor-top-section elementor-element elementor-element-00b64f9 elementor-section-boxed elementor-section-height-default elementor-section-height-default\" data-id=\"00b64f9\" data-element_type=\"section\">\n\t\t\t\t\t\t<div class=\"elementor-container elementor-column-gap-wide\">\n\t\t\t\t\t<div class=\"elementor-column elementor-col-100 elementor-top-column elementor-element elementor-element-d1bcaae\" data-id=\"d1bcaae\" data-element_type=\"column\">\n\t\t\t<div class=\"elementor-widget-wrap elementor-element-populated\">\n\t\t\t\t\t\t\t\t<div class=\"elementor-element elementor-element-18c771a elementor-widget elementor-widget-heading\" data-id=\"18c771a\" data-element_type=\"widget\" data-widget_type=\"heading.default\">\n\t\t\t\t<div class=\"elementor-widget-container\">\n\t\t\t<h3 class=\"elementor-heading-title elementor-size-default\">\u0412\u043e\u043f\u0440\u043e\u0441\u043e\u0432?<\/h3>\t\t<\/div>\n\t\t\t\t<\/div>\n\t\t\t\t<div class=\"elementor-element elementor-element-a054bf1 elementor-widget elementor-widget-spacer\" data-id=\"a054bf1\" data-element_type=\"widget\" data-widget_type=\"spacer.default\">\n\t\t\t\t<div class=\"elementor-widget-container\">\n\t\t\t\t\t<div class=\"elementor-spacer\">\n\t\t\t<div class=\"elementor-spacer-inner\"><\/div>\n\t\t<\/div>\n\t\t\t\t<\/div>\n\t\t\t\t<\/div>\n\t\t\t\t<div class=\"elementor-element elementor-element-c86f7ec elementor-widget elementor-widget-text-editor\" data-id=\"c86f7ec\" data-element_type=\"widget\" data-widget_type=\"text-editor.default\">\n\t\t\t\t<div class=\"elementor-widget-container\">\n\t\t\t\t\t\t\t<p>\u041c\u044b \u0432 \u0432\u0430\u0448\u0435\u043c \u0440\u0430\u0441\u043f\u043e\u0440\u044f\u0436\u0435\u043d\u0438\u0438 \u0438 \u0436\u0434\u0435\u043c \u0432\u0430\u0448\u0435\u0433\u043e \u043f\u0438\u0441\u044c\u043c\u0430.<\/p>\n<p>\u041d\u0430\u0448\u0435 \u0440\u0430\u0431\u043e\u0447\u0435\u0435 \u0432\u0440\u0435\u043c\u044f:<br \/>\u041f\u043d &#8212; \u043f\u0442 8:00 &#8212; 16:00<\/p>\n\t\t\t\t\t\t<\/div>\n\t\t\t\t<\/div>\n\t\t\t\t<div class=\"elementor-element elementor-element-10ad98d elementor-widget elementor-widget-spacer\" data-id=\"10ad98d\" data-element_type=\"widget\" data-widget_type=\"spacer.default\">\n\t\t\t\t<div class=\"elementor-widget-container\">\n\t\t\t\t\t<div class=\"elementor-spacer\">\n\t\t\t<div class=\"elementor-spacer-inner\"><\/div>\n\t\t<\/div>\n\t\t\t\t<\/div>\n\t\t\t\t<\/div>\n\t\t\t\t<div class=\"elementor-element elementor-element-0563fff elementor-button-align-stretch elementor-widget elementor-widget-form\" data-id=\"0563fff\" data-element_type=\"widget\" data-settings=\"{&quot;step_next_label&quot;:&quot;Next&quot;,&quot;step_previous_label&quot;:&quot;Previous&quot;,&quot;button_width&quot;:&quot;100&quot;,&quot;step_type&quot;:&quot;number_text&quot;,&quot;step_icon_shape&quot;:&quot;circle&quot;}\" data-widget_type=\"form.default\">\n\t\t\t\t<div class=\"elementor-widget-container\">\n\t\t\t\t\t<form class=\"elementor-form\" method=\"post\" name=\"New Form\">\n\t\t\t<input type=\"hidden\" name=\"post_id\" value=\"4576\"\/>\n\t\t\t<input type=\"hidden\" name=\"form_id\" value=\"0563fff\"\/>\n\t\t\t<input type=\"hidden\" name=\"referer_title\" value=\"GALLETTO &#8212; Skup, eksport, import oraz sprzeda\u017c ja\u0142owca.\" \/>\n\n\t\t\t\n\t\t\t<div class=\"elementor-form-fields-wrapper elementor-labels-\">\n\t\t\t\t\t\t\t\t<div class=\"elementor-field-type-text elementor-field-group elementor-column elementor-field-group-name elementor-col-100 elementor-field-required\">\n\t\t\t\t\t<label for=\"form-field-name\" class=\"elementor-field-label elementor-screen-only\">Name<\/label><input size=\"1\" type=\"text\" name=\"form_fields[name]\" id=\"form-field-name\" class=\"elementor-field elementor-size-md  elementor-field-textual\" placeholder=\"\u0418\u043c\u044f \u0438 \u0444\u0430\u043c\u0438\u043b\u0438\u044f\" required=\"required\" aria-required=\"true\">\t\t\t\t<\/div>\n\t\t\t\t\t\t\t\t<div class=\"elementor-field-type-email elementor-field-group elementor-column elementor-field-group-email elementor-col-100 elementor-field-required\">\n\t\t\t\t\t<label for=\"form-field-email\" class=\"elementor-field-label elementor-screen-only\">\u042d\u043b. \u043f\u043e\u0447\u0442\u0430<\/label><input size=\"1\" type=\"email\" name=\"form_fields[email]\" id=\"form-field-email\" class=\"elementor-field elementor-size-md  elementor-field-textual\" placeholder=\"\u042d\u043b. \u043f\u043e\u0447\u0442\u0430\" required=\"required\" aria-required=\"true\">\t\t\t\t<\/div>\n\t\t\t\t\t\t\t\t<div class=\"elementor-field-type-textarea elementor-field-group elementor-column elementor-field-group-message elementor-col-100\">\n\t\t\t\t\t<label for=\"form-field-message\" class=\"elementor-field-label elementor-screen-only\">\u0421\u043e\u043e\u0431\u0449\u0435\u043d\u0438\u0435<\/label><textarea class=\"elementor-field-textual elementor-field  elementor-size-md\" name=\"form_fields[message]\" id=\"form-field-message\" rows=\"6\" placeholder=\"\u0421\u043e\u043e\u0431\u0449\u0435\u043d\u0438\u0435\"><\/textarea>\t\t\t\t<\/div>\n\t\t\t\t\t\t\t\t<div class=\"elementor-field-group elementor-column elementor-field-type-submit elementor-col-100 e-form__buttons\">\n\t\t\t\t\t<button type=\"submit\" class=\"elementor-button elementor-size-md\">\n\t\t\t\t\t\t<span >\n\t\t\t\t\t\t\t\t\t\t\t\t\t\t\t<span class=\" elementor-button-icon\">\n\t\t\t\t\t\t\t\t\t\t\t\t\t\t\t\t\t\t\t\t\t\t\t\t\t\t<\/span>\n\t\t\t\t\t\t\t\t\t\t\t\t\t\t\t\t\t\t\t\t\t\t<span class=\"elementor-button-text\">\u041e\u0442\u043f\u0440\u0430\u0432\u0438\u0442\u044c \u0441\u043e\u043e\u0431\u0449\u0435\u043d\u0438\u0435<\/span>\n\t\t\t\t\t\t\t\t\t\t\t\t\t<\/span>\n\t\t\t\t\t<\/button>\n\t\t\t\t<\/div>\n\t\t\t<\/div>\n\t\t<\/form>\n\t\t\t\t<\/div>\n\t\t\t\t<\/div>\n\t\t\t\t\t<\/div>\n\t\t<\/div>\n\t\t\t\t\t\t\t<\/div>\n\t\t<\/section>\n\t\t\t\t\t\t<\/div>\n\t\t\t\t\t<\/div>\n\t\t","protected":false},"excerpt":{"rendered":"<p>GALLETTO \u0443\u043b. Mazowiecka 54, 07-310 Komorowo, \u041f\u043e\u043b\u044c\u0448\u0430 \u0442\u0435\u043b. +48 29 644-20-45 biuro@galletto.pl \u041a\u0430\u043a \u043f\u043e\u043b\u0443\u0447\u0438\u0442\u044c? \u0412\u043e\u043f\u0440\u043e\u0441\u043e\u0432? \u041c\u044b \u0432 \u0432\u0430\u0448\u0435\u043c \u0440\u0430\u0441\u043f\u043e\u0440\u044f\u0436\u0435\u043d\u0438\u0438 \u0438 \u0436\u0434\u0435\u043c \u0432\u0430\u0448\u0435\u0433\u043e \u043f\u0438\u0441\u044c\u043c\u0430. \u041d\u0430\u0448\u0435 \u0440\u0430\u0431\u043e\u0447\u0435\u0435 \u0432\u0440\u0435\u043c\u044f:\u041f\u043d &#8212; \u043f\u0442 8:00 &#8212; 16:00<\/p>\n","protected":false},"author":1,"featured_media":4519,"parent":0,"menu_order":99,"comment_status":"closed","ping_status":"closed","template":"","meta":[],"yoast_head":"<!-- This site is optimized with the Yoast SEO plugin v20.6 - https:\/\/yoast.com\/wordpress\/plugins\/seo\/ -->\n<title>\u041a\u041e\u041d\u0422\u0410\u041a\u0422 - GALLETTO - Skup, eksport, import oraz sprzeda\u017c ja\u0142owca.<\/title>\n<meta name=\"robots\" content=\"index, follow, max-snippet:-1, max-image-preview:large, max-video-preview:-1\" \/>\n<link rel=\"canonical\" href=\"https:\/\/juniperi.pl\/ru\/%d0%ba%d0%be%d0%bd%d1%82%d0%b0%d0%ba%d1%82\/\" \/>\n<meta property=\"og:locale\" content=\"ru_RU\" \/>\n<meta property=\"og:type\" content=\"article\" \/>\n<meta property=\"og:title\" content=\"\u041a\u041e\u041d\u0422\u0410\u041a\u0422 - GALLETTO - Skup, eksport, import oraz sprzeda\u017c ja\u0142owca.\" \/>\n<meta property=\"og:description\" content=\"GALLETTO \u0443\u043b. Mazowiecka 54, 07-310 Komorowo, \u041f\u043e\u043b\u044c\u0448\u0430 \u0442\u0435\u043b. +48 29 644-20-45 biuro@galletto.pl \u041a\u0430\u043a \u043f\u043e\u043b\u0443\u0447\u0438\u0442\u044c? \u0412\u043e\u043f\u0440\u043e\u0441\u043e\u0432? \u041c\u044b \u0432 \u0432\u0430\u0448\u0435\u043c \u0440\u0430\u0441\u043f\u043e\u0440\u044f\u0436\u0435\u043d\u0438\u0438 \u0438 \u0436\u0434\u0435\u043c \u0432\u0430\u0448\u0435\u0433\u043e \u043f\u0438\u0441\u044c\u043c\u0430. \u041d\u0430\u0448\u0435 \u0440\u0430\u0431\u043e\u0447\u0435\u0435 \u0432\u0440\u0435\u043c\u044f:\u041f\u043d &#8212; \u043f\u0442 8:00 &#8212; 16:00\" \/>\n<meta property=\"og:url\" content=\"https:\/\/juniperi.pl\/ru\/%d0%ba%d0%be%d0%bd%d1%82%d0%b0%d0%ba%d1%82\/\" \/>\n<meta property=\"og:site_name\" content=\"GALLETTO - Skup, eksport, import oraz sprzeda\u017c ja\u0142owca.\" \/>\n<meta property=\"article:modified_time\" content=\"2021-11-25T13:51:18+00:00\" \/>\n<meta property=\"og:image\" content=\"https:\/\/juniperi.pl\/wp-content\/uploads\/2021\/06\/Slider-Galletto-18.jpg\" \/>\n\t<meta property=\"og:image:width\" content=\"1500\" \/>\n\t<meta property=\"og:image:height\" content=\"1000\" \/>\n\t<meta property=\"og:image:type\" content=\"image\/jpeg\" \/>\n<meta name=\"twitter:card\" content=\"summary_large_image\" \/>\n<script type=\"application\/ld+json\" class=\"yoast-schema-graph\">{\"@context\":\"https:\/\/schema.org\",\"@graph\":[{\"@type\":\"WebPage\",\"@id\":\"https:\/\/juniperi.pl\/ru\/%d0%ba%d0%be%d0%bd%d1%82%d0%b0%d0%ba%d1%82\/\",\"url\":\"https:\/\/juniperi.pl\/ru\/%d0%ba%d0%be%d0%bd%d1%82%d0%b0%d0%ba%d1%82\/\",\"name\":\"\u041a\u041e\u041d\u0422\u0410\u041a\u0422 - GALLETTO - Skup, eksport, import oraz sprzeda\u017c ja\u0142owca.\",\"isPartOf\":{\"@id\":\"https:\/\/juniperi.pl\/ru\/#website\"},\"datePublished\":\"2021-11-25T13:50:56+00:00\",\"dateModified\":\"2021-11-25T13:51:18+00:00\",\"breadcrumb\":{\"@id\":\"https:\/\/juniperi.pl\/ru\/%d0%ba%d0%be%d0%bd%d1%82%d0%b0%d0%ba%d1%82\/#breadcrumb\"},\"inLanguage\":\"ru-RU\",\"potentialAction\":[{\"@type\":\"ReadAction\",\"target\":[\"https:\/\/juniperi.pl\/ru\/%d0%ba%d0%be%d0%bd%d1%82%d0%b0%d0%ba%d1%82\/\"]}]},{\"@type\":\"BreadcrumbList\",\"@id\":\"https:\/\/juniperi.pl\/ru\/%d0%ba%d0%be%d0%bd%d1%82%d0%b0%d0%ba%d1%82\/#breadcrumb\",\"itemListElement\":[{\"@type\":\"ListItem\",\"position\":1,\"name\":\"Strona g\u0142\u00f3wna\",\"item\":\"https:\/\/juniperi.pl\/ru\/\"},{\"@type\":\"ListItem\",\"position\":2,\"name\":\"\u041a\u041e\u041d\u0422\u0410\u041a\u0422\"}]},{\"@type\":\"WebSite\",\"@id\":\"https:\/\/juniperi.pl\/ru\/#website\",\"url\":\"https:\/\/juniperi.pl\/ru\/\",\"name\":\"GALLETTO - Skup, eksport, import oraz sprzeda\u017c ja\u0142owca.\",\"description\":\"Skup, eksport, import oraz sprzeda\u017c owoc\u00f3w ja\u0142owca.\",\"potentialAction\":[{\"@type\":\"SearchAction\",\"target\":{\"@type\":\"EntryPoint\",\"urlTemplate\":\"https:\/\/juniperi.pl\/ru\/?s={search_term_string}\"},\"query-input\":\"required name=search_term_string\"}],\"inLanguage\":\"ru-RU\"}]}<\/script>\n<!-- \/ Yoast SEO plugin. -->","yoast_head_json":{"title":"\u041a\u041e\u041d\u0422\u0410\u041a\u0422 - GALLETTO - Skup, eksport, import oraz sprzeda\u017c ja\u0142owca.","robots":{"index":"index","follow":"follow","max-snippet":"max-snippet:-1","max-image-preview":"max-image-preview:large","max-video-preview":"max-video-preview:-1"},"canonical":"https:\/\/juniperi.pl\/ru\/%d0%ba%d0%be%d0%bd%d1%82%d0%b0%d0%ba%d1%82\/","og_locale":"ru_RU","og_type":"article","og_title":"\u041a\u041e\u041d\u0422\u0410\u041a\u0422 - GALLETTO - Skup, eksport, import oraz sprzeda\u017c ja\u0142owca.","og_description":"GALLETTO \u0443\u043b. Mazowiecka 54, 07-310 Komorowo, \u041f\u043e\u043b\u044c\u0448\u0430 \u0442\u0435\u043b. +48 29 644-20-45 biuro@galletto.pl \u041a\u0430\u043a \u043f\u043e\u043b\u0443\u0447\u0438\u0442\u044c? \u0412\u043e\u043f\u0440\u043e\u0441\u043e\u0432? \u041c\u044b \u0432 \u0432\u0430\u0448\u0435\u043c \u0440\u0430\u0441\u043f\u043e\u0440\u044f\u0436\u0435\u043d\u0438\u0438 \u0438 \u0436\u0434\u0435\u043c \u0432\u0430\u0448\u0435\u0433\u043e \u043f\u0438\u0441\u044c\u043c\u0430. \u041d\u0430\u0448\u0435 \u0440\u0430\u0431\u043e\u0447\u0435\u0435 \u0432\u0440\u0435\u043c\u044f:\u041f\u043d &#8212; \u043f\u0442 8:00 &#8212; 16:00","og_url":"https:\/\/juniperi.pl\/ru\/%d0%ba%d0%be%d0%bd%d1%82%d0%b0%d0%ba%d1%82\/","og_site_name":"GALLETTO - Skup, eksport, import oraz sprzeda\u017c ja\u0142owca.","article_modified_time":"2021-11-25T13:51:18+00:00","og_image":[{"width":1500,"height":1000,"url":"https:\/\/juniperi.pl\/wp-content\/uploads\/2021\/06\/Slider-Galletto-18.jpg","type":"image\/jpeg"}],"twitter_card":"summary_large_image","schema":{"@context":"https:\/\/schema.org","@graph":[{"@type":"WebPage","@id":"https:\/\/juniperi.pl\/ru\/%d0%ba%d0%be%d0%bd%d1%82%d0%b0%d0%ba%d1%82\/","url":"https:\/\/juniperi.pl\/ru\/%d0%ba%d0%be%d0%bd%d1%82%d0%b0%d0%ba%d1%82\/","name":"\u041a\u041e\u041d\u0422\u0410\u041a\u0422 - GALLETTO - Skup, eksport, import oraz sprzeda\u017c ja\u0142owca.","isPartOf":{"@id":"https:\/\/juniperi.pl\/ru\/#website"},"datePublished":"2021-11-25T13:50:56+00:00","dateModified":"2021-11-25T13:51:18+00:00","breadcrumb":{"@id":"https:\/\/juniperi.pl\/ru\/%d0%ba%d0%be%d0%bd%d1%82%d0%b0%d0%ba%d1%82\/#breadcrumb"},"inLanguage":"ru-RU","potentialAction":[{"@type":"ReadAction","target":["https:\/\/juniperi.pl\/ru\/%d0%ba%d0%be%d0%bd%d1%82%d0%b0%d0%ba%d1%82\/"]}]},{"@type":"BreadcrumbList","@id":"https:\/\/juniperi.pl\/ru\/%d0%ba%d0%be%d0%bd%d1%82%d0%b0%d0%ba%d1%82\/#breadcrumb","itemListElement":[{"@type":"ListItem","position":1,"name":"Strona g\u0142\u00f3wna","item":"https:\/\/juniperi.pl\/ru\/"},{"@type":"ListItem","position":2,"name":"\u041a\u041e\u041d\u0422\u0410\u041a\u0422"}]},{"@type":"WebSite","@id":"https:\/\/juniperi.pl\/ru\/#website","url":"https:\/\/juniperi.pl\/ru\/","name":"GALLETTO - Skup, eksport, import oraz sprzeda\u017c ja\u0142owca.","description":"Skup, eksport, import oraz sprzeda\u017c owoc\u00f3w ja\u0142owca.","potentialAction":[{"@type":"SearchAction","target":{"@type":"EntryPoint","urlTemplate":"https:\/\/juniperi.pl\/ru\/?s={search_term_string}"},"query-input":"required name=search_term_string"}],"inLanguage":"ru-RU"}]}},"_links":{"self":[{"href":"https:\/\/juniperi.pl\/ru\/wp-json\/wp\/v2\/pages\/4576"}],"collection":[{"href":"https:\/\/juniperi.pl\/ru\/wp-json\/wp\/v2\/pages"}],"about":[{"href":"https:\/\/juniperi.pl\/ru\/wp-json\/wp\/v2\/types\/page"}],"author":[{"embeddable":true,"href":"https:\/\/juniperi.pl\/ru\/wp-json\/wp\/v2\/users\/1"}],"replies":[{"embeddable":true,"href":"https:\/\/juniperi.pl\/ru\/wp-json\/wp\/v2\/comments?post=4576"}],"version-history":[{"count":7,"href":"https:\/\/juniperi.pl\/ru\/wp-json\/wp\/v2\/pages\/4576\/revisions"}],"predecessor-version":[{"id":4583,"href":"https:\/\/juniperi.pl\/ru\/wp-json\/wp\/v2\/pages\/4576\/revisions\/4583"}],"wp:featuredmedia":[{"embeddable":true,"href":"https:\/\/juniperi.pl\/ru\/wp-json\/wp\/v2\/media\/4519"}],"wp:attachment":[{"href":"https:\/\/juniperi.pl\/ru\/wp-json\/wp\/v2\/media?parent=4576"}],"curies":[{"name":"wp","href":"https:\/\/api.w.org\/{rel}","templated":true}]}}