{"id":4588,"date":"2021-11-25T14:58:20","date_gmt":"2021-11-25T13:58:20","guid":{"rendered":"https:\/\/juniperi.pl\/%d1%84%d1%80%d1%83%d0%ba%d1%82%d1%8b\/"},"modified":"2021-11-25T14:58:25","modified_gmt":"2021-11-25T13:58:25","slug":"%d1%84%d1%80%d1%83%d0%ba%d1%82%d1%8b","status":"publish","type":"page","link":"https:\/\/juniperi.pl\/ru\/%d1%84%d1%80%d1%83%d0%ba%d1%82%d1%8b\/","title":{"rendered":"\u0424\u0420\u0423\u041a\u0422\u042b"},"content":{"rendered":"\t\t<div data-elementor-type=\"wp-page\" data-elementor-id=\"4588\" class=\"elementor elementor-4588 elementor-2832\" data-elementor-settings=\"[]\">\n\t\t\t\t\t\t\t<div class=\"elementor-section-wrap\">\n\t\t\t\t\t\t\t<section class=\"elementor-section elementor-top-section elementor-element elementor-element-c2da1f6 elementor-section-full_width elementor-section-height-min-height elementor-section-items-stretch elementor-section-content-middle elementor-reverse-mobile elementor-section-height-default\" data-id=\"c2da1f6\" data-element_type=\"section\">\n\t\t\t\t\t\t<div class=\"elementor-container elementor-column-gap-no\">\n\t\t\t\t\t<div class=\"elementor-column elementor-col-50 elementor-top-column elementor-element elementor-element-0545128\" data-id=\"0545128\" data-element_type=\"column\" data-settings=\"{&quot;background_background&quot;:&quot;classic&quot;}\">\n\t\t\t<div class=\"elementor-widget-wrap elementor-element-populated\">\n\t\t\t\t\t\t\t\t<div class=\"elementor-element elementor-element-8e0bdb7 elementor-widget elementor-widget-spacer\" data-id=\"8e0bdb7\" data-element_type=\"widget\" data-widget_type=\"spacer.default\">\n\t\t\t\t<div class=\"elementor-widget-container\">\n\t\t\t\t\t<div class=\"elementor-spacer\">\n\t\t\t<div class=\"elementor-spacer-inner\"><\/div>\n\t\t<\/div>\n\t\t\t\t<\/div>\n\t\t\t\t<\/div>\n\t\t\t\t\t<\/div>\n\t\t<\/div>\n\t\t\t\t<div class=\"elementor-column elementor-col-50 elementor-top-column elementor-element elementor-element-993a9f1\" data-id=\"993a9f1\" data-element_type=\"column\">\n\t\t\t<div class=\"elementor-widget-wrap elementor-element-populated\">\n\t\t\t\t\t\t\t\t<section class=\"elementor-section elementor-inner-section elementor-element elementor-element-ed15763 elementor-section-boxed elementor-section-height-default elementor-section-height-default\" data-id=\"ed15763\" data-element_type=\"section\">\n\t\t\t\t\t\t<div class=\"elementor-container elementor-column-gap-wide\">\n\t\t\t\t\t<div class=\"elementor-column elementor-col-100 elementor-inner-column elementor-element elementor-element-a88fc36\" data-id=\"a88fc36\" data-element_type=\"column\">\n\t\t\t<div class=\"elementor-widget-wrap elementor-element-populated\">\n\t\t\t\t\t\t\t\t<div class=\"elementor-element elementor-element-1bb7f68 elementor-widget elementor-widget-heading\" data-id=\"1bb7f68\" data-element_type=\"widget\" data-widget_type=\"heading.default\">\n\t\t\t\t<div class=\"elementor-widget-container\">\n\t\t\t<h3 class=\"elementor-heading-title elementor-size-default\">\u0424\u0440\u0443\u043a\u0442\u044b<\/h3>\t\t<\/div>\n\t\t\t\t<\/div>\n\t\t\t\t<div class=\"elementor-element elementor-element-6e162e1 elementor-widget elementor-widget-spacer\" data-id=\"6e162e1\" data-element_type=\"widget\" data-widget_type=\"spacer.default\">\n\t\t\t\t<div class=\"elementor-widget-container\">\n\t\t\t\t\t<div class=\"elementor-spacer\">\n\t\t\t<div class=\"elementor-spacer-inner\"><\/div>\n\t\t<\/div>\n\t\t\t\t<\/div>\n\t\t\t\t<\/div>\n\t\t\t\t<div class=\"elementor-element elementor-element-f53a3b6 elementor-widget elementor-widget-heading\" data-id=\"f53a3b6\" data-element_type=\"widget\" data-widget_type=\"heading.default\">\n\t\t\t\t<div class=\"elementor-widget-container\">\n\t\t\t<h5 class=\"elementor-heading-title elementor-size-default\">\u0437\u0430\u043c\u043e\u0440\u043e\u0436\u0435\u043d\u043d\u044b\u0439<\/h5>\t\t<\/div>\n\t\t\t\t<\/div>\n\t\t\t\t<div class=\"elementor-element elementor-element-632a7ed elementor-widget elementor-widget-spacer\" data-id=\"632a7ed\" data-element_type=\"widget\" data-widget_type=\"spacer.default\">\n\t\t\t\t<div class=\"elementor-widget-container\">\n\t\t\t\t\t<div class=\"elementor-spacer\">\n\t\t\t<div class=\"elementor-spacer-inner\"><\/div>\n\t\t<\/div>\n\t\t\t\t<\/div>\n\t\t\t\t<\/div>\n\t\t\t\t<div class=\"elementor-element elementor-element-8565707 elementor-align-left elementor-icon-list--layout-traditional elementor-list-item-link-full_width elementor-widget elementor-widget-icon-list\" data-id=\"8565707\" data-element_type=\"widget\" data-widget_type=\"icon-list.default\">\n\t\t\t\t<div class=\"elementor-widget-container\">\n\t\t\t\t\t<ul class=\"elementor-icon-list-items\">\n\t\t\t\t\t\t\t<li class=\"elementor-icon-list-item\">\n\t\t\t\t\t\t\t\t\t\t\t<span class=\"elementor-icon-list-icon\">\n\t\t\t\t\t\t\t<i aria-hidden=\"true\" class=\"fas fa-genderless\"><\/i>\t\t\t\t\t\t<\/span>\n\t\t\t\t\t\t\t\t\t\t<span class=\"elementor-icon-list-text\">\u041c\u0430\u043b\u0438\u043d\u0430 (Rubus idaeus)<\/span>\n\t\t\t\t\t\t\t\t\t<\/li>\n\t\t\t\t\t\t\t\t<li class=\"elementor-icon-list-item\">\n\t\t\t\t\t\t\t\t\t\t\t<span class=\"elementor-icon-list-icon\">\n\t\t\t\t\t\t\t<i aria-hidden=\"true\" class=\"fas fa-genderless\"><\/i>\t\t\t\t\t\t<\/span>\n\t\t\t\t\t\t\t\t\t\t<span class=\"elementor-icon-list-text\">\u0427\u0435\u0440\u043d\u0438\u043a\u0430 \u0447\u0435\u0440\u043d\u0430\u044f \u043b\u0435\u0441\u043d\u0430\u044f \/ \u0427\u0435\u0440\u043d\u0438\u043a\u0430 \u0447\u0435\u0440\u043d\u0438\u043a\u0430 (Vaccinium myrtillus)<\/span>\n\t\t\t\t\t\t\t\t\t<\/li>\n\t\t\t\t\t\t\t\t<li class=\"elementor-icon-list-item\">\n\t\t\t\t\t\t\t\t\t\t\t<span class=\"elementor-icon-list-icon\">\n\t\t\t\t\t\t\t<i aria-hidden=\"true\" class=\"fas fa-genderless\"><\/i>\t\t\t\t\t\t<\/span>\n\t\t\t\t\t\t\t\t\t\t<span class=\"elementor-icon-list-text\">\u0415\u0436\u0435\u0432\u0438\u043a\u0430 (Rubus fruticosus)<\/span>\n\t\t\t\t\t\t\t\t\t<\/li>\n\t\t\t\t\t\t\t\t<li class=\"elementor-icon-list-item\">\n\t\t\t\t\t\t\t\t\t\t\t<span class=\"elementor-icon-list-icon\">\n\t\t\t\t\t\t\t<i aria-hidden=\"true\" class=\"fas fa-genderless\"><\/i>\t\t\t\t\t\t<\/span>\n\t\t\t\t\t\t\t\t\t\t<span class=\"elementor-icon-list-text\">\u0427\u0435\u0440\u043d\u0438\u043a\u0430 \u0430\u043c\u0435\u0440\u0438\u043a\u0430\u043d\u0441\u043a\u0430\u044f (Vaccinium corymbosum)<\/span>\n\t\t\t\t\t\t\t\t\t<\/li>\n\t\t\t\t\t\t<\/ul>\n\t\t\t\t<\/div>\n\t\t\t\t<\/div>\n\t\t\t\t<div class=\"elementor-element elementor-element-9b24100 elementor-widget elementor-widget-spacer\" data-id=\"9b24100\" data-element_type=\"widget\" data-widget_type=\"spacer.default\">\n\t\t\t\t<div class=\"elementor-widget-container\">\n\t\t\t\t\t<div class=\"elementor-spacer\">\n\t\t\t<div class=\"elementor-spacer-inner\"><\/div>\n\t\t<\/div>\n\t\t\t\t<\/div>\n\t\t\t\t<\/div>\n\t\t\t\t<div class=\"elementor-element elementor-element-f059dca elementor-widget elementor-widget-text-editor\" data-id=\"f059dca\" data-element_type=\"widget\" data-widget_type=\"text-editor.default\">\n\t\t\t\t<div class=\"elementor-widget-container\">\n\t\t\t\t\t\t\t<p><strong>\u043e\u043f\u0442\u043e\u0432\u0430\u044f \u0443\u043f\u0430\u043a\u043e\u0432\u043a\u0430:<\/strong><br \/>\n\u043f\u043e\u043b\u0438\u044d\u0442\u0438\u043b\u0435\u043d\u043e\u0432\u044b\u0439 \u043f\u0430\u043a\u0435\u0442<br \/>\n\u0431\u0443\u043c\u0430\u0436\u043d\u044b\u0439 \u043f\u0430\u043a\u0435\u0442<br \/>\n\u043a\u0430\u0440\u0442\u043e\u043d\u043d\u0430\u044f \u043a\u043e\u0440\u043e\u0431\u043a\u0430 \u0441\u043e \u0432\u0441\u0442\u0430\u0432\u043a\u043e\u0439 \u0438\u0437 \u0444\u043e\u043b\u044c\u0433\u0438<\/p>\n\t\t\t\t\t\t<\/div>\n\t\t\t\t<\/div>\n\t\t\t\t\t<\/div>\n\t\t<\/div>\n\t\t\t\t\t\t\t<\/div>\n\t\t<\/section>\n\t\t\t\t\t<\/div>\n\t\t<\/div>\n\t\t\t\t\t\t\t<\/div>\n\t\t<\/section>\n\t\t\t\t<section class=\"elementor-section elementor-top-section elementor-element elementor-element-a55e0e5 elementor-section-full_width elementor-section-height-min-height elementor-section-items-stretch elementor-section-content-middle elementor-section-height-default\" data-id=\"a55e0e5\" data-element_type=\"section\">\n\t\t\t\t\t\t<div class=\"elementor-container elementor-column-gap-no\">\n\t\t\t\t\t<div class=\"elementor-column elementor-col-50 elementor-top-column elementor-element elementor-element-7659275\" data-id=\"7659275\" data-element_type=\"column\">\n\t\t\t<div class=\"elementor-widget-wrap elementor-element-populated\">\n\t\t\t\t\t\t\t\t<section class=\"elementor-section elementor-inner-section elementor-element elementor-element-fe4f3ff elementor-section-boxed elementor-section-height-default elementor-section-height-default\" data-id=\"fe4f3ff\" data-element_type=\"section\">\n\t\t\t\t\t\t<div class=\"elementor-container elementor-column-gap-wide\">\n\t\t\t\t\t<div class=\"elementor-column elementor-col-100 elementor-inner-column elementor-element elementor-element-a69de09\" data-id=\"a69de09\" data-element_type=\"column\">\n\t\t\t<div class=\"elementor-widget-wrap elementor-element-populated\">\n\t\t\t\t\t\t\t\t<div class=\"elementor-element elementor-element-2ac3568 elementor-widget elementor-widget-heading\" data-id=\"2ac3568\" data-element_type=\"widget\" data-widget_type=\"heading.default\">\n\t\t\t\t<div class=\"elementor-widget-container\">\n\t\t\t<h3 class=\"elementor-heading-title elementor-size-default\">\u0424\u0440\u0443\u043a\u0442\u044b<\/h3>\t\t<\/div>\n\t\t\t\t<\/div>\n\t\t\t\t<div class=\"elementor-element elementor-element-9ccd27c elementor-widget elementor-widget-spacer\" data-id=\"9ccd27c\" data-element_type=\"widget\" data-widget_type=\"spacer.default\">\n\t\t\t\t<div class=\"elementor-widget-container\">\n\t\t\t\t\t<div class=\"elementor-spacer\">\n\t\t\t<div class=\"elementor-spacer-inner\"><\/div>\n\t\t<\/div>\n\t\t\t\t<\/div>\n\t\t\t\t<\/div>\n\t\t\t\t<div class=\"elementor-element elementor-element-d6726d9 elementor-widget elementor-widget-heading\" data-id=\"d6726d9\" data-element_type=\"widget\" data-widget_type=\"heading.default\">\n\t\t\t\t<div class=\"elementor-widget-container\">\n\t\t\t<h5 class=\"elementor-heading-title elementor-size-default\">\u0441\u0443\u0448\u0435\u043d\u044b\u0439<\/h5>\t\t<\/div>\n\t\t\t\t<\/div>\n\t\t\t\t<div class=\"elementor-element elementor-element-d3e96ec elementor-widget elementor-widget-spacer\" data-id=\"d3e96ec\" data-element_type=\"widget\" data-widget_type=\"spacer.default\">\n\t\t\t\t<div class=\"elementor-widget-container\">\n\t\t\t\t\t<div class=\"elementor-spacer\">\n\t\t\t<div class=\"elementor-spacer-inner\"><\/div>\n\t\t<\/div>\n\t\t\t\t<\/div>\n\t\t\t\t<\/div>\n\t\t\t\t<div class=\"elementor-element elementor-element-256cfb2 elementor-align-left elementor-icon-list--layout-traditional elementor-list-item-link-full_width elementor-widget elementor-widget-icon-list\" data-id=\"256cfb2\" data-element_type=\"widget\" data-widget_type=\"icon-list.default\">\n\t\t\t\t<div class=\"elementor-widget-container\">\n\t\t\t\t\t<ul class=\"elementor-icon-list-items\">\n\t\t\t\t\t\t\t<li class=\"elementor-icon-list-item\">\n\t\t\t\t\t\t\t\t\t\t\t<span class=\"elementor-icon-list-icon\">\n\t\t\t\t\t\t\t<i aria-hidden=\"true\" class=\"fas fa-genderless\"><\/i>\t\t\t\t\t\t<\/span>\n\t\t\t\t\t\t\t\t\t\t<span class=\"elementor-icon-list-text\">\u041c\u0430\u043b\u0438\u043d\u0430 (Rubus idaeus)<\/span>\n\t\t\t\t\t\t\t\t\t<\/li>\n\t\t\t\t\t\t\t\t<li class=\"elementor-icon-list-item\">\n\t\t\t\t\t\t\t\t\t\t\t<span class=\"elementor-icon-list-icon\">\n\t\t\t\t\t\t\t<i aria-hidden=\"true\" class=\"fas fa-genderless\"><\/i>\t\t\t\t\t\t<\/span>\n\t\t\t\t\t\t\t\t\t\t<span class=\"elementor-icon-list-text\">\u0427\u0435\u0440\u043d\u0438\u043a\u0430 \u0447\u0435\u0440\u043d\u0430\u044f \u043b\u0435\u0441\u043d\u0430\u044f \/ \u0427\u0435\u0440\u043d\u0438\u043a\u0430 \u0447\u0435\u0440\u043d\u0438\u043a\u0430 (Vaccinium myrtillus)<\/span>\n\t\t\t\t\t\t\t\t\t<\/li>\n\t\t\t\t\t\t\t\t<li class=\"elementor-icon-list-item\">\n\t\t\t\t\t\t\t\t\t\t\t<span class=\"elementor-icon-list-icon\">\n\t\t\t\t\t\t\t<i aria-hidden=\"true\" class=\"fas fa-genderless\"><\/i>\t\t\t\t\t\t<\/span>\n\t\t\t\t\t\t\t\t\t\t<span class=\"elementor-icon-list-text\">\u0415\u0436\u0435\u0432\u0438\u043a\u0430 (Rubus fruticosus)<\/span>\n\t\t\t\t\t\t\t\t\t<\/li>\n\t\t\t\t\t\t\t\t<li class=\"elementor-icon-list-item\">\n\t\t\t\t\t\t\t\t\t\t\t<span class=\"elementor-icon-list-icon\">\n\t\t\t\t\t\t\t<i aria-hidden=\"true\" class=\"fas fa-genderless\"><\/i>\t\t\t\t\t\t<\/span>\n\t\t\t\t\t\t\t\t\t\t<span class=\"elementor-icon-list-text\">\u041a\u043b\u0443\u0431\u043d\u0438\u043a\u0430 (\u0424\u0440\u0430\u0433\u0430\u0440\u0438\u044f)<\/span>\n\t\t\t\t\t\t\t\t\t<\/li>\n\t\t\t\t\t\t\t\t<li class=\"elementor-icon-list-item\">\n\t\t\t\t\t\t\t\t\t\t\t<span class=\"elementor-icon-list-icon\">\n\t\t\t\t\t\t\t<i aria-hidden=\"true\" class=\"fas fa-genderless\"><\/i>\t\t\t\t\t\t<\/span>\n\t\t\t\t\t\t\t\t\t\t<span class=\"elementor-icon-list-text\">\u0427\u0435\u0440\u043d\u0438\u043a\u0430 \u0430\u043c\u0435\u0440\u0438\u043a\u0430\u043d\u0441\u043a\u0430\u044f (Vaccinium corymbosum)<\/span>\n\t\t\t\t\t\t\t\t\t<\/li>\n\t\t\t\t\t\t<\/ul>\n\t\t\t\t<\/div>\n\t\t\t\t<\/div>\n\t\t\t\t<div class=\"elementor-element elementor-element-8799a26 elementor-widget elementor-widget-spacer\" data-id=\"8799a26\" data-element_type=\"widget\" data-widget_type=\"spacer.default\">\n\t\t\t\t<div class=\"elementor-widget-container\">\n\t\t\t\t\t<div class=\"elementor-spacer\">\n\t\t\t<div class=\"elementor-spacer-inner\"><\/div>\n\t\t<\/div>\n\t\t\t\t<\/div>\n\t\t\t\t<\/div>\n\t\t\t\t<div class=\"elementor-element elementor-element-51c4915 elementor-widget elementor-widget-text-editor\" data-id=\"51c4915\" data-element_type=\"widget\" data-widget_type=\"text-editor.default\">\n\t\t\t\t<div class=\"elementor-widget-container\">\n\t\t\t\t\t\t\t<p><strong>\u043e\u043f\u0442\u043e\u0432\u0430\u044f \u0443\u043f\u0430\u043a\u043e\u0432\u043a\u0430:<\/strong><br \/>\n\u043f\u043e\u043b\u0438\u044d\u0442\u0438\u043b\u0435\u043d\u043e\u0432\u044b\u0439 \u043f\u0430\u043a\u0435\u0442<br \/>\n\u0431\u0443\u043c\u0430\u0436\u043d\u044b\u0439 \u043f\u0430\u043a\u0435\u0442<br \/>\n\u043a\u0430\u0440\u0442\u043e\u043d\u043d\u0430\u044f \u043a\u043e\u0440\u043e\u0431\u043a\u0430 \u0441\u043e \u0432\u0441\u0442\u0430\u0432\u043a\u043e\u0439 \u0438\u0437 \u0444\u043e\u043b\u044c\u0433\u0438<\/p>\n\t\t\t\t\t\t<\/div>\n\t\t\t\t<\/div>\n\t\t\t\t\t<\/div>\n\t\t<\/div>\n\t\t\t\t\t\t\t<\/div>\n\t\t<\/section>\n\t\t\t\t\t<\/div>\n\t\t<\/div>\n\t\t\t\t<div class=\"elementor-column elementor-col-50 elementor-top-column elementor-element elementor-element-5ff7405\" data-id=\"5ff7405\" data-element_type=\"column\" data-settings=\"{&quot;background_background&quot;:&quot;classic&quot;}\">\n\t\t\t<div class=\"elementor-widget-wrap elementor-element-populated\">\n\t\t\t\t\t\t\t\t<div class=\"elementor-element elementor-element-83afcaf elementor-widget elementor-widget-spacer\" data-id=\"83afcaf\" data-element_type=\"widget\" data-widget_type=\"spacer.default\">\n\t\t\t\t<div class=\"elementor-widget-container\">\n\t\t\t\t\t<div class=\"elementor-spacer\">\n\t\t\t<div class=\"elementor-spacer-inner\"><\/div>\n\t\t<\/div>\n\t\t\t\t<\/div>\n\t\t\t\t<\/div>\n\t\t\t\t\t<\/div>\n\t\t<\/div>\n\t\t\t\t\t\t\t<\/div>\n\t\t<\/section>\n\t\t\t\t\t\t<\/div>\n\t\t\t\t\t<\/div>\n\t\t","protected":false},"excerpt":{"rendered":"<p>\u0424\u0440\u0443\u043a\u0442\u044b \u0437\u0430\u043c\u043e\u0440\u043e\u0436\u0435\u043d\u043d\u044b\u0439 \u041c\u0430\u043b\u0438\u043d\u0430 (Rubus idaeus) \u0427\u0435\u0440\u043d\u0438\u043a\u0430 \u0447\u0435\u0440\u043d\u0430\u044f \u043b\u0435\u0441\u043d\u0430\u044f \/ \u0427\u0435\u0440\u043d\u0438\u043a\u0430 \u0447\u0435\u0440\u043d\u0438\u043a\u0430 (Vaccinium myrtillus) \u0415\u0436\u0435\u0432\u0438\u043a\u0430 (Rubus fruticosus) \u0427\u0435\u0440\u043d\u0438\u043a\u0430 \u0430\u043c\u0435\u0440\u0438\u043a\u0430\u043d\u0441\u043a\u0430\u044f (Vaccinium corymbosum) \u043e\u043f\u0442\u043e\u0432\u0430\u044f \u0443\u043f\u0430\u043a\u043e\u0432\u043a\u0430: \u043f\u043e\u043b\u0438\u044d\u0442\u0438\u043b\u0435\u043d\u043e\u0432\u044b\u0439 \u043f\u0430\u043a\u0435\u0442 \u0431\u0443\u043c\u0430\u0436\u043d\u044b\u0439 \u043f\u0430\u043a\u0435\u0442 \u043a\u0430\u0440\u0442\u043e\u043d\u043d\u0430\u044f \u043a\u043e\u0440\u043e\u0431\u043a\u0430 \u0441\u043e \u0432\u0441\u0442\u0430\u0432\u043a\u043e\u0439 \u0438\u0437 \u0444\u043e\u043b\u044c\u0433\u0438 \u0424\u0440\u0443\u043a\u0442\u044b \u0441\u0443\u0448\u0435\u043d\u044b\u0439 \u041c\u0430\u043b\u0438\u043d\u0430 (Rubus idaeus) \u0427\u0435\u0440\u043d\u0438\u043a\u0430 \u0447\u0435\u0440\u043d\u0430\u044f \u043b\u0435\u0441\u043d\u0430\u044f \/ \u0427\u0435\u0440\u043d\u0438\u043a\u0430 \u0447\u0435\u0440\u043d\u0438\u043a\u0430 (Vaccinium myrtillus) \u0415\u0436\u0435\u0432\u0438\u043a\u0430 (Rubus fruticosus) \u041a\u043b\u0443\u0431\u043d\u0438\u043a\u0430 (\u0424\u0440\u0430\u0433\u0430\u0440\u0438\u044f) \u0427\u0435\u0440\u043d\u0438\u043a\u0430 \u0430\u043c\u0435\u0440\u0438\u043a\u0430\u043d\u0441\u043a\u0430\u044f (Vaccinium corymbosum) \u043e\u043f\u0442\u043e\u0432\u0430\u044f&hellip;<\/p>\n","protected":false},"author":1,"featured_media":4532,"parent":0,"menu_order":20,"comment_status":"closed","ping_status":"closed","template":"","meta":[],"yoast_head":"<!-- This site is optimized with the Yoast SEO plugin v20.6 - https:\/\/yoast.com\/wordpress\/plugins\/seo\/ -->\n<title>\u0424\u0420\u0423\u041a\u0422\u042b - GALLETTO - Skup, eksport, import oraz sprzeda\u017c ja\u0142owca.<\/title>\n<meta name=\"robots\" content=\"index, follow, max-snippet:-1, max-image-preview:large, max-video-preview:-1\" \/>\n<link rel=\"canonical\" href=\"https:\/\/juniperi.pl\/ru\/%d1%84%d1%80%d1%83%d0%ba%d1%82%d1%8b\/\" \/>\n<meta property=\"og:locale\" content=\"ru_RU\" \/>\n<meta property=\"og:type\" content=\"article\" \/>\n<meta property=\"og:title\" content=\"\u0424\u0420\u0423\u041a\u0422\u042b - GALLETTO - Skup, eksport, import oraz sprzeda\u017c ja\u0142owca.\" \/>\n<meta property=\"og:description\" content=\"\u0424\u0440\u0443\u043a\u0442\u044b \u0437\u0430\u043c\u043e\u0440\u043e\u0436\u0435\u043d\u043d\u044b\u0439 \u041c\u0430\u043b\u0438\u043d\u0430 (Rubus idaeus) \u0427\u0435\u0440\u043d\u0438\u043a\u0430 \u0447\u0435\u0440\u043d\u0430\u044f \u043b\u0435\u0441\u043d\u0430\u044f \/ \u0427\u0435\u0440\u043d\u0438\u043a\u0430 \u0447\u0435\u0440\u043d\u0438\u043a\u0430 (Vaccinium myrtillus) \u0415\u0436\u0435\u0432\u0438\u043a\u0430 (Rubus fruticosus) \u0427\u0435\u0440\u043d\u0438\u043a\u0430 \u0430\u043c\u0435\u0440\u0438\u043a\u0430\u043d\u0441\u043a\u0430\u044f (Vaccinium corymbosum) \u043e\u043f\u0442\u043e\u0432\u0430\u044f \u0443\u043f\u0430\u043a\u043e\u0432\u043a\u0430: \u043f\u043e\u043b\u0438\u044d\u0442\u0438\u043b\u0435\u043d\u043e\u0432\u044b\u0439 \u043f\u0430\u043a\u0435\u0442 \u0431\u0443\u043c\u0430\u0436\u043d\u044b\u0439 \u043f\u0430\u043a\u0435\u0442 \u043a\u0430\u0440\u0442\u043e\u043d\u043d\u0430\u044f \u043a\u043e\u0440\u043e\u0431\u043a\u0430 \u0441\u043e \u0432\u0441\u0442\u0430\u0432\u043a\u043e\u0439 \u0438\u0437 \u0444\u043e\u043b\u044c\u0433\u0438 \u0424\u0440\u0443\u043a\u0442\u044b \u0441\u0443\u0448\u0435\u043d\u044b\u0439 \u041c\u0430\u043b\u0438\u043d\u0430 (Rubus idaeus) \u0427\u0435\u0440\u043d\u0438\u043a\u0430 \u0447\u0435\u0440\u043d\u0430\u044f \u043b\u0435\u0441\u043d\u0430\u044f \/ \u0427\u0435\u0440\u043d\u0438\u043a\u0430 \u0447\u0435\u0440\u043d\u0438\u043a\u0430 (Vaccinium myrtillus) \u0415\u0436\u0435\u0432\u0438\u043a\u0430 (Rubus fruticosus) \u041a\u043b\u0443\u0431\u043d\u0438\u043a\u0430 (\u0424\u0440\u0430\u0433\u0430\u0440\u0438\u044f) \u0427\u0435\u0440\u043d\u0438\u043a\u0430 \u0430\u043c\u0435\u0440\u0438\u043a\u0430\u043d\u0441\u043a\u0430\u044f (Vaccinium corymbosum) \u043e\u043f\u0442\u043e\u0432\u0430\u044f&hellip;\" \/>\n<meta property=\"og:url\" content=\"https:\/\/juniperi.pl\/ru\/%d1%84%d1%80%d1%83%d0%ba%d1%82%d1%8b\/\" \/>\n<meta property=\"og:site_name\" content=\"GALLETTO - Skup, eksport, import oraz sprzeda\u017c ja\u0142owca.\" \/>\n<meta property=\"article:modified_time\" content=\"2021-11-25T13:58:25+00:00\" \/>\n<meta property=\"og:image\" content=\"https:\/\/juniperi.pl\/wp-content\/uploads\/2021\/07\/Slider-Galletto-31.jpg\" \/>\n\t<meta property=\"og:image:width\" content=\"1500\" \/>\n\t<meta property=\"og:image:height\" content=\"1000\" \/>\n\t<meta property=\"og:image:type\" content=\"image\/jpeg\" \/>\n<meta name=\"twitter:card\" content=\"summary_large_image\" \/>\n<script type=\"application\/ld+json\" class=\"yoast-schema-graph\">{\"@context\":\"https:\/\/schema.org\",\"@graph\":[{\"@type\":\"WebPage\",\"@id\":\"https:\/\/juniperi.pl\/ru\/%d1%84%d1%80%d1%83%d0%ba%d1%82%d1%8b\/\",\"url\":\"https:\/\/juniperi.pl\/ru\/%d1%84%d1%80%d1%83%d0%ba%d1%82%d1%8b\/\",\"name\":\"\u0424\u0420\u0423\u041a\u0422\u042b - GALLETTO - Skup, eksport, import oraz sprzeda\u017c ja\u0142owca.\",\"isPartOf\":{\"@id\":\"https:\/\/juniperi.pl\/ru\/#website\"},\"datePublished\":\"2021-11-25T13:58:20+00:00\",\"dateModified\":\"2021-11-25T13:58:25+00:00\",\"breadcrumb\":{\"@id\":\"https:\/\/juniperi.pl\/ru\/%d1%84%d1%80%d1%83%d0%ba%d1%82%d1%8b\/#breadcrumb\"},\"inLanguage\":\"ru-RU\",\"potentialAction\":[{\"@type\":\"ReadAction\",\"target\":[\"https:\/\/juniperi.pl\/ru\/%d1%84%d1%80%d1%83%d0%ba%d1%82%d1%8b\/\"]}]},{\"@type\":\"BreadcrumbList\",\"@id\":\"https:\/\/juniperi.pl\/ru\/%d1%84%d1%80%d1%83%d0%ba%d1%82%d1%8b\/#breadcrumb\",\"itemListElement\":[{\"@type\":\"ListItem\",\"position\":1,\"name\":\"Strona g\u0142\u00f3wna\",\"item\":\"https:\/\/juniperi.pl\/ru\/\"},{\"@type\":\"ListItem\",\"position\":2,\"name\":\"\u0424\u0420\u0423\u041a\u0422\u042b\"}]},{\"@type\":\"WebSite\",\"@id\":\"https:\/\/juniperi.pl\/ru\/#website\",\"url\":\"https:\/\/juniperi.pl\/ru\/\",\"name\":\"GALLETTO - Skup, eksport, import oraz sprzeda\u017c ja\u0142owca.\",\"description\":\"Skup, eksport, import oraz sprzeda\u017c owoc\u00f3w ja\u0142owca.\",\"potentialAction\":[{\"@type\":\"SearchAction\",\"target\":{\"@type\":\"EntryPoint\",\"urlTemplate\":\"https:\/\/juniperi.pl\/ru\/?s={search_term_string}\"},\"query-input\":\"required name=search_term_string\"}],\"inLanguage\":\"ru-RU\"}]}<\/script>\n<!-- \/ Yoast SEO plugin. -->","yoast_head_json":{"title":"\u0424\u0420\u0423\u041a\u0422\u042b - GALLETTO - Skup, eksport, import oraz sprzeda\u017c ja\u0142owca.","robots":{"index":"index","follow":"follow","max-snippet":"max-snippet:-1","max-image-preview":"max-image-preview:large","max-video-preview":"max-video-preview:-1"},"canonical":"https:\/\/juniperi.pl\/ru\/%d1%84%d1%80%d1%83%d0%ba%d1%82%d1%8b\/","og_locale":"ru_RU","og_type":"article","og_title":"\u0424\u0420\u0423\u041a\u0422\u042b - GALLETTO - Skup, eksport, import oraz sprzeda\u017c ja\u0142owca.","og_description":"\u0424\u0440\u0443\u043a\u0442\u044b \u0437\u0430\u043c\u043e\u0440\u043e\u0436\u0435\u043d\u043d\u044b\u0439 \u041c\u0430\u043b\u0438\u043d\u0430 (Rubus idaeus) \u0427\u0435\u0440\u043d\u0438\u043a\u0430 \u0447\u0435\u0440\u043d\u0430\u044f \u043b\u0435\u0441\u043d\u0430\u044f \/ \u0427\u0435\u0440\u043d\u0438\u043a\u0430 \u0447\u0435\u0440\u043d\u0438\u043a\u0430 (Vaccinium myrtillus) \u0415\u0436\u0435\u0432\u0438\u043a\u0430 (Rubus fruticosus) \u0427\u0435\u0440\u043d\u0438\u043a\u0430 \u0430\u043c\u0435\u0440\u0438\u043a\u0430\u043d\u0441\u043a\u0430\u044f (Vaccinium corymbosum) \u043e\u043f\u0442\u043e\u0432\u0430\u044f \u0443\u043f\u0430\u043a\u043e\u0432\u043a\u0430: \u043f\u043e\u043b\u0438\u044d\u0442\u0438\u043b\u0435\u043d\u043e\u0432\u044b\u0439 \u043f\u0430\u043a\u0435\u0442 \u0431\u0443\u043c\u0430\u0436\u043d\u044b\u0439 \u043f\u0430\u043a\u0435\u0442 \u043a\u0430\u0440\u0442\u043e\u043d\u043d\u0430\u044f \u043a\u043e\u0440\u043e\u0431\u043a\u0430 \u0441\u043e \u0432\u0441\u0442\u0430\u0432\u043a\u043e\u0439 \u0438\u0437 \u0444\u043e\u043b\u044c\u0433\u0438 \u0424\u0440\u0443\u043a\u0442\u044b \u0441\u0443\u0448\u0435\u043d\u044b\u0439 \u041c\u0430\u043b\u0438\u043d\u0430 (Rubus idaeus) \u0427\u0435\u0440\u043d\u0438\u043a\u0430 \u0447\u0435\u0440\u043d\u0430\u044f \u043b\u0435\u0441\u043d\u0430\u044f \/ \u0427\u0435\u0440\u043d\u0438\u043a\u0430 \u0447\u0435\u0440\u043d\u0438\u043a\u0430 (Vaccinium myrtillus) \u0415\u0436\u0435\u0432\u0438\u043a\u0430 (Rubus fruticosus) \u041a\u043b\u0443\u0431\u043d\u0438\u043a\u0430 (\u0424\u0440\u0430\u0433\u0430\u0440\u0438\u044f) \u0427\u0435\u0440\u043d\u0438\u043a\u0430 \u0430\u043c\u0435\u0440\u0438\u043a\u0430\u043d\u0441\u043a\u0430\u044f (Vaccinium corymbosum) \u043e\u043f\u0442\u043e\u0432\u0430\u044f&hellip;","og_url":"https:\/\/juniperi.pl\/ru\/%d1%84%d1%80%d1%83%d0%ba%d1%82%d1%8b\/","og_site_name":"GALLETTO - Skup, eksport, import oraz sprzeda\u017c ja\u0142owca.","article_modified_time":"2021-11-25T13:58:25+00:00","og_image":[{"width":1500,"height":1000,"url":"https:\/\/juniperi.pl\/wp-content\/uploads\/2021\/07\/Slider-Galletto-31.jpg","type":"image\/jpeg"}],"twitter_card":"summary_large_image","schema":{"@context":"https:\/\/schema.org","@graph":[{"@type":"WebPage","@id":"https:\/\/juniperi.pl\/ru\/%d1%84%d1%80%d1%83%d0%ba%d1%82%d1%8b\/","url":"https:\/\/juniperi.pl\/ru\/%d1%84%d1%80%d1%83%d0%ba%d1%82%d1%8b\/","name":"\u0424\u0420\u0423\u041a\u0422\u042b - GALLETTO - Skup, eksport, import oraz sprzeda\u017c ja\u0142owca.","isPartOf":{"@id":"https:\/\/juniperi.pl\/ru\/#website"},"datePublished":"2021-11-25T13:58:20+00:00","dateModified":"2021-11-25T13:58:25+00:00","breadcrumb":{"@id":"https:\/\/juniperi.pl\/ru\/%d1%84%d1%80%d1%83%d0%ba%d1%82%d1%8b\/#breadcrumb"},"inLanguage":"ru-RU","potentialAction":[{"@type":"ReadAction","target":["https:\/\/juniperi.pl\/ru\/%d1%84%d1%80%d1%83%d0%ba%d1%82%d1%8b\/"]}]},{"@type":"BreadcrumbList","@id":"https:\/\/juniperi.pl\/ru\/%d1%84%d1%80%d1%83%d0%ba%d1%82%d1%8b\/#breadcrumb","itemListElement":[{"@type":"ListItem","position":1,"name":"Strona g\u0142\u00f3wna","item":"https:\/\/juniperi.pl\/ru\/"},{"@type":"ListItem","position":2,"name":"\u0424\u0420\u0423\u041a\u0422\u042b"}]},{"@type":"WebSite","@id":"https:\/\/juniperi.pl\/ru\/#website","url":"https:\/\/juniperi.pl\/ru\/","name":"GALLETTO - Skup, eksport, import oraz sprzeda\u017c ja\u0142owca.","description":"Skup, eksport, import oraz sprzeda\u017c owoc\u00f3w ja\u0142owca.","potentialAction":[{"@type":"SearchAction","target":{"@type":"EntryPoint","urlTemplate":"https:\/\/juniperi.pl\/ru\/?s={search_term_string}"},"query-input":"required name=search_term_string"}],"inLanguage":"ru-RU"}]}},"_links":{"self":[{"href":"https:\/\/juniperi.pl\/ru\/wp-json\/wp\/v2\/pages\/4588"}],"collection":[{"href":"https:\/\/juniperi.pl\/ru\/wp-json\/wp\/v2\/pages"}],"about":[{"href":"https:\/\/juniperi.pl\/ru\/wp-json\/wp\/v2\/types\/page"}],"author":[{"embeddable":true,"href":"https:\/\/juniperi.pl\/ru\/wp-json\/wp\/v2\/users\/1"}],"replies":[{"embeddable":true,"href":"https:\/\/juniperi.pl\/ru\/wp-json\/wp\/v2\/comments?post=4588"}],"version-history":[{"count":3,"href":"https:\/\/juniperi.pl\/ru\/wp-json\/wp\/v2\/pages\/4588\/revisions"}],"predecessor-version":[{"id":4591,"href":"https:\/\/juniperi.pl\/ru\/wp-json\/wp\/v2\/pages\/4588\/revisions\/4591"}],"wp:featuredmedia":[{"embeddable":true,"href":"https:\/\/juniperi.pl\/ru\/wp-json\/wp\/v2\/media\/4532"}],"wp:attachment":[{"href":"https:\/\/juniperi.pl\/ru\/wp-json\/wp\/v2\/media?parent=4588"}],"curies":[{"name":"wp","href":"https:\/\/api.w.org\/{rel}","templated":true}]}}