{"id":4592,"date":"2021-11-25T15:00:27","date_gmt":"2021-11-25T14:00:27","guid":{"rendered":"https:\/\/juniperi.pl\/%d0%bf%d0%bb%d0%be%d0%b4%d1%8b-%d0%bc%d0%be%d0%b6%d0%b6%d0%b5%d0%b2%d0%b5%d0%bb%d1%8c%d0%bd%d0%b8%d0%ba%d0%b0\/"},"modified":"2021-11-25T15:00:37","modified_gmt":"2021-11-25T14:00:37","slug":"%d0%bf%d0%bb%d0%be%d0%b4%d1%8b-%d0%bc%d0%be%d0%b6%d0%b6%d0%b5%d0%b2%d0%b5%d0%bb%d1%8c%d0%bd%d0%b8%d0%ba%d0%b0","status":"publish","type":"page","link":"https:\/\/juniperi.pl\/ru\/%d0%bf%d0%bb%d0%be%d0%b4%d1%8b-%d0%bc%d0%be%d0%b6%d0%b6%d0%b5%d0%b2%d0%b5%d0%bb%d1%8c%d0%bd%d0%b8%d0%ba%d0%b0\/","title":{"rendered":"\u041f\u043b\u043e\u0434\u044b \u043c\u043e\u0436\u0436\u0435\u0432\u0435\u043b\u044c\u043d\u0438\u043a\u0430"},"content":{"rendered":"\t\t<div data-elementor-type=\"wp-page\" data-elementor-id=\"4592\" class=\"elementor elementor-4592 elementor-3536\" data-elementor-settings=\"[]\">\n\t\t\t\t\t\t\t<div class=\"elementor-section-wrap\">\n\t\t\t\t\t\t\t<section class=\"elementor-section elementor-top-section elementor-element elementor-element-a0ddd77 elementor-section-full_width elementor-section-height-min-height elementor-section-items-stretch elementor-section-content-middle elementor-reverse-mobile elementor-section-height-default\" data-id=\"a0ddd77\" data-element_type=\"section\">\n\t\t\t\t\t\t<div class=\"elementor-container elementor-column-gap-no\">\n\t\t\t\t\t<div class=\"elementor-column elementor-col-50 elementor-top-column elementor-element elementor-element-540aa4c\" data-id=\"540aa4c\" data-element_type=\"column\" data-settings=\"{&quot;background_background&quot;:&quot;classic&quot;}\">\n\t\t\t<div class=\"elementor-widget-wrap elementor-element-populated\">\n\t\t\t\t\t\t\t\t<div class=\"elementor-element elementor-element-5b76594 elementor-widget elementor-widget-spacer\" data-id=\"5b76594\" data-element_type=\"widget\" data-widget_type=\"spacer.default\">\n\t\t\t\t<div class=\"elementor-widget-container\">\n\t\t\t\t\t<div class=\"elementor-spacer\">\n\t\t\t<div class=\"elementor-spacer-inner\"><\/div>\n\t\t<\/div>\n\t\t\t\t<\/div>\n\t\t\t\t<\/div>\n\t\t\t\t\t<\/div>\n\t\t<\/div>\n\t\t\t\t<div class=\"elementor-column elementor-col-50 elementor-top-column elementor-element elementor-element-ea5e483\" data-id=\"ea5e483\" data-element_type=\"column\">\n\t\t\t<div class=\"elementor-widget-wrap elementor-element-populated\">\n\t\t\t\t\t\t\t\t<section class=\"elementor-section elementor-inner-section elementor-element elementor-element-b78452d elementor-section-boxed elementor-section-height-default elementor-section-height-default\" data-id=\"b78452d\" data-element_type=\"section\">\n\t\t\t\t\t\t<div class=\"elementor-container elementor-column-gap-wide\">\n\t\t\t\t\t<div class=\"elementor-column elementor-col-100 elementor-inner-column elementor-element elementor-element-6ffef53\" data-id=\"6ffef53\" data-element_type=\"column\">\n\t\t\t<div class=\"elementor-widget-wrap elementor-element-populated\">\n\t\t\t\t\t\t\t\t<div class=\"elementor-element elementor-element-1fbbdf6 elementor-widget elementor-widget-heading\" data-id=\"1fbbdf6\" data-element_type=\"widget\" data-widget_type=\"heading.default\">\n\t\t\t\t<div class=\"elementor-widget-container\">\n\t\t\t<h3 class=\"elementor-heading-title elementor-size-default\">I \u043a\u043b\u0430\u0441\u0441<\/h3>\t\t<\/div>\n\t\t\t\t<\/div>\n\t\t\t\t<div class=\"elementor-element elementor-element-5e31bc7 elementor-widget elementor-widget-spacer\" data-id=\"5e31bc7\" data-element_type=\"widget\" data-widget_type=\"spacer.default\">\n\t\t\t\t<div class=\"elementor-widget-container\">\n\t\t\t\t\t<div class=\"elementor-spacer\">\n\t\t\t<div class=\"elementor-spacer-inner\"><\/div>\n\t\t<\/div>\n\t\t\t\t<\/div>\n\t\t\t\t<\/div>\n\t\t\t\t<div class=\"elementor-element elementor-element-ead5e02 elementor-widget elementor-widget-heading\" data-id=\"ead5e02\" data-element_type=\"widget\" data-widget_type=\"heading.default\">\n\t\t\t\t<div class=\"elementor-widget-container\">\n\t\t\t<h5 class=\"elementor-heading-title elementor-size-default\">Juniperus communis \/ Juniperi fructus<\/h5>\t\t<\/div>\n\t\t\t\t<\/div>\n\t\t\t\t<div class=\"elementor-element elementor-element-e528398 elementor-widget elementor-widget-spacer\" data-id=\"e528398\" data-element_type=\"widget\" data-widget_type=\"spacer.default\">\n\t\t\t\t<div class=\"elementor-widget-container\">\n\t\t\t\t\t<div class=\"elementor-spacer\">\n\t\t\t<div class=\"elementor-spacer-inner\"><\/div>\n\t\t<\/div>\n\t\t\t\t<\/div>\n\t\t\t\t<\/div>\n\t\t\t\t<div class=\"elementor-element elementor-element-7b02b7d elementor-align-left elementor-icon-list--layout-traditional elementor-list-item-link-full_width elementor-widget elementor-widget-icon-list\" data-id=\"7b02b7d\" data-element_type=\"widget\" data-widget_type=\"icon-list.default\">\n\t\t\t\t<div class=\"elementor-widget-container\">\n\t\t\t\t\t<ul class=\"elementor-icon-list-items\">\n\t\t\t\t\t\t\t<li class=\"elementor-icon-list-item\">\n\t\t\t\t\t\t\t\t\t\t\t<span class=\"elementor-icon-list-icon\">\n\t\t\t\t\t\t\t<i aria-hidden=\"true\" class=\"fas fa-genderless\"><\/i>\t\t\t\t\t\t<\/span>\n\t\t\t\t\t\t\t\t\t\t<span class=\"elementor-icon-list-text\">\u0426\u0435\u043b\u044b\u0435 \u0444\u0440\u0443\u043a\u0442\u044b<\/span>\n\t\t\t\t\t\t\t\t\t<\/li>\n\t\t\t\t\t\t\t\t<li class=\"elementor-icon-list-item\">\n\t\t\t\t\t\t\t\t\t\t\t<span class=\"elementor-icon-list-icon\">\n\t\t\t\t\t\t\t<i aria-hidden=\"true\" class=\"fas fa-genderless\"><\/i>\t\t\t\t\t\t<\/span>\n\t\t\t\t\t\t\t\t\t\t<span class=\"elementor-icon-list-text\">\u0421\u043f\u0435\u043b\u044b\u0439<\/span>\n\t\t\t\t\t\t\t\t\t<\/li>\n\t\t\t\t\t\t\t\t<li class=\"elementor-icon-list-item\">\n\t\t\t\t\t\t\t\t\t\t\t<span class=\"elementor-icon-list-icon\">\n\t\t\t\t\t\t\t<i aria-hidden=\"true\" class=\"fas fa-genderless\"><\/i>\t\t\t\t\t\t<\/span>\n\t\t\t\t\t\t\t\t\t\t<span class=\"elementor-icon-list-text\">\u0422\u0435\u043c\u043d\u043e-\u0441\u0438\u043d\u0438\u0439 \u0446\u0432\u0435\u0442<\/span>\n\t\t\t\t\t\t\t\t\t<\/li>\n\t\t\t\t\t\t<\/ul>\n\t\t\t\t<\/div>\n\t\t\t\t<\/div>\n\t\t\t\t<div class=\"elementor-element elementor-element-030b083 elementor-widget elementor-widget-spacer\" data-id=\"030b083\" data-element_type=\"widget\" data-widget_type=\"spacer.default\">\n\t\t\t\t<div class=\"elementor-widget-container\">\n\t\t\t\t\t<div class=\"elementor-spacer\">\n\t\t\t<div class=\"elementor-spacer-inner\"><\/div>\n\t\t<\/div>\n\t\t\t\t<\/div>\n\t\t\t\t<\/div>\n\t\t\t\t<div class=\"elementor-element elementor-element-8436ab2 elementor-widget elementor-widget-text-editor\" data-id=\"8436ab2\" data-element_type=\"widget\" data-widget_type=\"text-editor.default\">\n\t\t\t\t<div class=\"elementor-widget-container\">\n\t\t\t\t\t\t\t<p><strong>\u043e\u043f\u0442\u043e\u0432\u0430\u044f \u0443\u043f\u0430\u043a\u043e\u0432\u043a\u0430:<\/strong><\/p>\n<div>\u041f\u041f \u043c\u0435\u0448\u043e\u043a 25 \u043a\u0433<\/div>\n<div> <\/div>\n\t\t\t\t\t\t<\/div>\n\t\t\t\t<\/div>\n\t\t\t\t\t<\/div>\n\t\t<\/div>\n\t\t\t\t\t\t\t<\/div>\n\t\t<\/section>\n\t\t\t\t\t<\/div>\n\t\t<\/div>\n\t\t\t\t\t\t\t<\/div>\n\t\t<\/section>\n\t\t\t\t<section class=\"elementor-section elementor-top-section elementor-element elementor-element-6e03487 elementor-section-full_width elementor-section-height-min-height elementor-section-items-stretch elementor-section-content-middle elementor-section-height-default\" data-id=\"6e03487\" data-element_type=\"section\">\n\t\t\t\t\t\t<div class=\"elementor-container elementor-column-gap-no\">\n\t\t\t\t\t<div class=\"elementor-column elementor-col-50 elementor-top-column elementor-element elementor-element-0507e78\" data-id=\"0507e78\" data-element_type=\"column\">\n\t\t\t<div class=\"elementor-widget-wrap elementor-element-populated\">\n\t\t\t\t\t\t\t\t<section class=\"elementor-section elementor-inner-section elementor-element elementor-element-59b9b3b elementor-section-boxed elementor-section-height-default elementor-section-height-default\" data-id=\"59b9b3b\" data-element_type=\"section\">\n\t\t\t\t\t\t<div class=\"elementor-container elementor-column-gap-wide\">\n\t\t\t\t\t<div class=\"elementor-column elementor-col-100 elementor-inner-column elementor-element elementor-element-115177f\" data-id=\"115177f\" data-element_type=\"column\">\n\t\t\t<div class=\"elementor-widget-wrap elementor-element-populated\">\n\t\t\t\t\t\t\t\t<div class=\"elementor-element elementor-element-1aebb14 elementor-widget elementor-widget-heading\" data-id=\"1aebb14\" data-element_type=\"widget\" data-widget_type=\"heading.default\">\n\t\t\t\t<div class=\"elementor-widget-container\">\n\t\t\t<h3 class=\"elementor-heading-title elementor-size-default\">II \u043a\u043b\u0430\u0441\u0441<\/h3>\t\t<\/div>\n\t\t\t\t<\/div>\n\t\t\t\t<div class=\"elementor-element elementor-element-15ff1e0 elementor-widget elementor-widget-spacer\" data-id=\"15ff1e0\" data-element_type=\"widget\" data-widget_type=\"spacer.default\">\n\t\t\t\t<div class=\"elementor-widget-container\">\n\t\t\t\t\t<div class=\"elementor-spacer\">\n\t\t\t<div class=\"elementor-spacer-inner\"><\/div>\n\t\t<\/div>\n\t\t\t\t<\/div>\n\t\t\t\t<\/div>\n\t\t\t\t<div class=\"elementor-element elementor-element-5cf5e30 elementor-widget elementor-widget-heading\" data-id=\"5cf5e30\" data-element_type=\"widget\" data-widget_type=\"heading.default\">\n\t\t\t\t<div class=\"elementor-widget-container\">\n\t\t\t<h5 class=\"elementor-heading-title elementor-size-default\">Juniperus communis \/ Juniperi fructus<\/h5>\t\t<\/div>\n\t\t\t\t<\/div>\n\t\t\t\t<div class=\"elementor-element elementor-element-4cf112f elementor-widget elementor-widget-spacer\" data-id=\"4cf112f\" data-element_type=\"widget\" data-widget_type=\"spacer.default\">\n\t\t\t\t<div class=\"elementor-widget-container\">\n\t\t\t\t\t<div class=\"elementor-spacer\">\n\t\t\t<div class=\"elementor-spacer-inner\"><\/div>\n\t\t<\/div>\n\t\t\t\t<\/div>\n\t\t\t\t<\/div>\n\t\t\t\t<div class=\"elementor-element elementor-element-28ffcd3 elementor-align-left elementor-icon-list--layout-traditional elementor-list-item-link-full_width elementor-widget elementor-widget-icon-list\" data-id=\"28ffcd3\" data-element_type=\"widget\" data-widget_type=\"icon-list.default\">\n\t\t\t\t<div class=\"elementor-widget-container\">\n\t\t\t\t\t<ul class=\"elementor-icon-list-items\">\n\t\t\t\t\t\t\t<li class=\"elementor-icon-list-item\">\n\t\t\t\t\t\t\t\t\t\t\t<span class=\"elementor-icon-list-icon\">\n\t\t\t\t\t\t\t<i aria-hidden=\"true\" class=\"fas fa-genderless\"><\/i>\t\t\t\t\t\t<\/span>\n\t\t\t\t\t\t\t\t\t\t<span class=\"elementor-icon-list-text\">\u0426\u0435\u043b\u044b\u0435 \u0444\u0440\u0443\u043a\u0442\u044b<\/span>\n\t\t\t\t\t\t\t\t\t<\/li>\n\t\t\t\t\t\t\t\t<li class=\"elementor-icon-list-item\">\n\t\t\t\t\t\t\t\t\t\t\t<span class=\"elementor-icon-list-icon\">\n\t\t\t\t\t\t\t<i aria-hidden=\"true\" class=\"fas fa-genderless\"><\/i>\t\t\t\t\t\t<\/span>\n\t\t\t\t\t\t\t\t\t\t<span class=\"elementor-icon-list-text\">\u0421\u043f\u0435\u043b\u044b\u0439<\/span>\n\t\t\t\t\t\t\t\t\t<\/li>\n\t\t\t\t\t\t\t\t<li class=\"elementor-icon-list-item\">\n\t\t\t\t\t\t\t\t\t\t\t<span class=\"elementor-icon-list-icon\">\n\t\t\t\t\t\t\t<i aria-hidden=\"true\" class=\"fas fa-genderless\"><\/i>\t\t\t\t\t\t<\/span>\n\t\t\t\t\t\t\t\t\t\t<span class=\"elementor-icon-list-text\">\u0426\u0432\u0435\u0442\u0430 \u0432\u0430\u0440\u044c\u0438\u0440\u0443\u044e\u0442\u0441\u044f \u043e\u0442 \u0433\u043e\u043b\u0443\u0431\u043e\u0433\u043e \u0434\u043e \u0442\u0435\u043c\u043d\u043e-\u043a\u043e\u0440\u0438\u0447\u043d\u0435\u0432\u043e\u0433\u043e.<\/span>\n\t\t\t\t\t\t\t\t\t<\/li>\n\t\t\t\t\t\t<\/ul>\n\t\t\t\t<\/div>\n\t\t\t\t<\/div>\n\t\t\t\t<div class=\"elementor-element elementor-element-aa894a9 elementor-widget elementor-widget-spacer\" data-id=\"aa894a9\" data-element_type=\"widget\" data-widget_type=\"spacer.default\">\n\t\t\t\t<div class=\"elementor-widget-container\">\n\t\t\t\t\t<div class=\"elementor-spacer\">\n\t\t\t<div class=\"elementor-spacer-inner\"><\/div>\n\t\t<\/div>\n\t\t\t\t<\/div>\n\t\t\t\t<\/div>\n\t\t\t\t<div class=\"elementor-element elementor-element-701011d elementor-widget elementor-widget-text-editor\" data-id=\"701011d\" data-element_type=\"widget\" data-widget_type=\"text-editor.default\">\n\t\t\t\t<div class=\"elementor-widget-container\">\n\t\t\t\t\t\t\t<p><strong>\u043e\u043f\u0442\u043e\u0432\u0430\u044f \u0443\u043f\u0430\u043a\u043e\u0432\u043a\u0430:<\/strong><\/p>\n<div>\u041f\u041f \u043c\u0435\u0448\u043e\u043a 25 \u043a\u0433<\/div>\n\t\t\t\t\t\t<\/div>\n\t\t\t\t<\/div>\n\t\t\t\t\t<\/div>\n\t\t<\/div>\n\t\t\t\t\t\t\t<\/div>\n\t\t<\/section>\n\t\t\t\t\t<\/div>\n\t\t<\/div>\n\t\t\t\t<div class=\"elementor-column elementor-col-50 elementor-top-column elementor-element elementor-element-042087f\" data-id=\"042087f\" data-element_type=\"column\" data-settings=\"{&quot;background_background&quot;:&quot;classic&quot;}\">\n\t\t\t<div class=\"elementor-widget-wrap elementor-element-populated\">\n\t\t\t\t\t\t\t\t<div class=\"elementor-element elementor-element-fa2cead elementor-widget elementor-widget-spacer\" data-id=\"fa2cead\" data-element_type=\"widget\" data-widget_type=\"spacer.default\">\n\t\t\t\t<div class=\"elementor-widget-container\">\n\t\t\t\t\t<div class=\"elementor-spacer\">\n\t\t\t<div class=\"elementor-spacer-inner\"><\/div>\n\t\t<\/div>\n\t\t\t\t<\/div>\n\t\t\t\t<\/div>\n\t\t\t\t\t<\/div>\n\t\t<\/div>\n\t\t\t\t\t\t\t<\/div>\n\t\t<\/section>\n\t\t\t\t\t\t<\/div>\n\t\t\t\t\t<\/div>\n\t\t","protected":false},"excerpt":{"rendered":"<p>I \u043a\u043b\u0430\u0441\u0441 Juniperus communis \/ Juniperi fructus \u0426\u0435\u043b\u044b\u0435 \u0444\u0440\u0443\u043a\u0442\u044b \u0421\u043f\u0435\u043b\u044b\u0439 \u0422\u0435\u043c\u043d\u043e-\u0441\u0438\u043d\u0438\u0439 \u0446\u0432\u0435\u0442 \u043e\u043f\u0442\u043e\u0432\u0430\u044f \u0443\u043f\u0430\u043a\u043e\u0432\u043a\u0430: \u041f\u041f \u043c\u0435\u0448\u043e\u043a 25 \u043a\u0433 II \u043a\u043b\u0430\u0441\u0441 Juniperus communis \/ Juniperi fructus \u0426\u0435\u043b\u044b\u0435 \u0444\u0440\u0443\u043a\u0442\u044b \u0421\u043f\u0435\u043b\u044b\u0439 \u0426\u0432\u0435\u0442\u0430 \u0432\u0430\u0440\u044c\u0438\u0440\u0443\u044e\u0442\u0441\u044f \u043e\u0442 \u0433\u043e\u043b\u0443\u0431\u043e\u0433\u043e \u0434\u043e \u0442\u0435\u043c\u043d\u043e-\u043a\u043e\u0440\u0438\u0447\u043d\u0435\u0432\u043e\u0433\u043e. \u043e\u043f\u0442\u043e\u0432\u0430\u044f \u0443\u043f\u0430\u043a\u043e\u0432\u043a\u0430: \u041f\u041f \u043c\u0435\u0448\u043e\u043a 25 \u043a\u0433<\/p>\n","protected":false},"author":1,"featured_media":4555,"parent":0,"menu_order":20,"comment_status":"closed","ping_status":"closed","template":"","meta":[],"yoast_head":"<!-- This site is optimized with the Yoast SEO plugin v20.6 - https:\/\/yoast.com\/wordpress\/plugins\/seo\/ -->\n<title>\u041f\u043b\u043e\u0434\u044b \u043c\u043e\u0436\u0436\u0435\u0432\u0435\u043b\u044c\u043d\u0438\u043a\u0430 - GALLETTO - Skup, eksport, import oraz sprzeda\u017c ja\u0142owca.<\/title>\n<meta name=\"robots\" content=\"index, follow, max-snippet:-1, max-image-preview:large, max-video-preview:-1\" \/>\n<link rel=\"canonical\" href=\"https:\/\/juniperi.pl\/ru\/%d0%bf%d0%bb%d0%be%d0%b4%d1%8b-%d0%bc%d0%be%d0%b6%d0%b6%d0%b5%d0%b2%d0%b5%d0%bb%d1%8c%d0%bd%d0%b8%d0%ba%d0%b0\/\" \/>\n<meta property=\"og:locale\" content=\"ru_RU\" \/>\n<meta property=\"og:type\" content=\"article\" \/>\n<meta property=\"og:title\" content=\"\u041f\u043b\u043e\u0434\u044b \u043c\u043e\u0436\u0436\u0435\u0432\u0435\u043b\u044c\u043d\u0438\u043a\u0430 - GALLETTO - Skup, eksport, import oraz sprzeda\u017c ja\u0142owca.\" \/>\n<meta property=\"og:description\" content=\"I \u043a\u043b\u0430\u0441\u0441 Juniperus communis \/ Juniperi fructus \u0426\u0435\u043b\u044b\u0435 \u0444\u0440\u0443\u043a\u0442\u044b \u0421\u043f\u0435\u043b\u044b\u0439 \u0422\u0435\u043c\u043d\u043e-\u0441\u0438\u043d\u0438\u0439 \u0446\u0432\u0435\u0442 \u043e\u043f\u0442\u043e\u0432\u0430\u044f \u0443\u043f\u0430\u043a\u043e\u0432\u043a\u0430: \u041f\u041f \u043c\u0435\u0448\u043e\u043a 25 \u043a\u0433 II \u043a\u043b\u0430\u0441\u0441 Juniperus communis \/ Juniperi fructus \u0426\u0435\u043b\u044b\u0435 \u0444\u0440\u0443\u043a\u0442\u044b \u0421\u043f\u0435\u043b\u044b\u0439 \u0426\u0432\u0435\u0442\u0430 \u0432\u0430\u0440\u044c\u0438\u0440\u0443\u044e\u0442\u0441\u044f \u043e\u0442 \u0433\u043e\u043b\u0443\u0431\u043e\u0433\u043e \u0434\u043e \u0442\u0435\u043c\u043d\u043e-\u043a\u043e\u0440\u0438\u0447\u043d\u0435\u0432\u043e\u0433\u043e. \u043e\u043f\u0442\u043e\u0432\u0430\u044f \u0443\u043f\u0430\u043a\u043e\u0432\u043a\u0430: \u041f\u041f \u043c\u0435\u0448\u043e\u043a 25 \u043a\u0433\" \/>\n<meta property=\"og:url\" content=\"https:\/\/juniperi.pl\/ru\/%d0%bf%d0%bb%d0%be%d0%b4%d1%8b-%d0%bc%d0%be%d0%b6%d0%b6%d0%b5%d0%b2%d0%b5%d0%bb%d1%8c%d0%bd%d0%b8%d0%ba%d0%b0\/\" \/>\n<meta property=\"og:site_name\" content=\"GALLETTO - Skup, eksport, import oraz sprzeda\u017c ja\u0142owca.\" \/>\n<meta property=\"article:modified_time\" content=\"2021-11-25T14:00:37+00:00\" \/>\n<meta property=\"og:image\" content=\"https:\/\/juniperi.pl\/wp-content\/uploads\/2021\/09\/Slider-Juniperi-Galletto-005.jpg\" \/>\n\t<meta property=\"og:image:width\" content=\"1500\" \/>\n\t<meta property=\"og:image:height\" content=\"1000\" \/>\n\t<meta property=\"og:image:type\" content=\"image\/jpeg\" \/>\n<meta name=\"twitter:card\" content=\"summary_large_image\" \/>\n<script type=\"application\/ld+json\" class=\"yoast-schema-graph\">{\"@context\":\"https:\/\/schema.org\",\"@graph\":[{\"@type\":\"WebPage\",\"@id\":\"https:\/\/juniperi.pl\/ru\/%d0%bf%d0%bb%d0%be%d0%b4%d1%8b-%d0%bc%d0%be%d0%b6%d0%b6%d0%b5%d0%b2%d0%b5%d0%bb%d1%8c%d0%bd%d0%b8%d0%ba%d0%b0\/\",\"url\":\"https:\/\/juniperi.pl\/ru\/%d0%bf%d0%bb%d0%be%d0%b4%d1%8b-%d0%bc%d0%be%d0%b6%d0%b6%d0%b5%d0%b2%d0%b5%d0%bb%d1%8c%d0%bd%d0%b8%d0%ba%d0%b0\/\",\"name\":\"\u041f\u043b\u043e\u0434\u044b \u043c\u043e\u0436\u0436\u0435\u0432\u0435\u043b\u044c\u043d\u0438\u043a\u0430 - GALLETTO - Skup, eksport, import oraz sprzeda\u017c ja\u0142owca.\",\"isPartOf\":{\"@id\":\"https:\/\/juniperi.pl\/ru\/#website\"},\"datePublished\":\"2021-11-25T14:00:27+00:00\",\"dateModified\":\"2021-11-25T14:00:37+00:00\",\"breadcrumb\":{\"@id\":\"https:\/\/juniperi.pl\/ru\/%d0%bf%d0%bb%d0%be%d0%b4%d1%8b-%d0%bc%d0%be%d0%b6%d0%b6%d0%b5%d0%b2%d0%b5%d0%bb%d1%8c%d0%bd%d0%b8%d0%ba%d0%b0\/#breadcrumb\"},\"inLanguage\":\"ru-RU\",\"potentialAction\":[{\"@type\":\"ReadAction\",\"target\":[\"https:\/\/juniperi.pl\/ru\/%d0%bf%d0%bb%d0%be%d0%b4%d1%8b-%d0%bc%d0%be%d0%b6%d0%b6%d0%b5%d0%b2%d0%b5%d0%bb%d1%8c%d0%bd%d0%b8%d0%ba%d0%b0\/\"]}]},{\"@type\":\"BreadcrumbList\",\"@id\":\"https:\/\/juniperi.pl\/ru\/%d0%bf%d0%bb%d0%be%d0%b4%d1%8b-%d0%bc%d0%be%d0%b6%d0%b6%d0%b5%d0%b2%d0%b5%d0%bb%d1%8c%d0%bd%d0%b8%d0%ba%d0%b0\/#breadcrumb\",\"itemListElement\":[{\"@type\":\"ListItem\",\"position\":1,\"name\":\"Strona g\u0142\u00f3wna\",\"item\":\"https:\/\/juniperi.pl\/ru\/\"},{\"@type\":\"ListItem\",\"position\":2,\"name\":\"\u041f\u043b\u043e\u0434\u044b \u043c\u043e\u0436\u0436\u0435\u0432\u0435\u043b\u044c\u043d\u0438\u043a\u0430\"}]},{\"@type\":\"WebSite\",\"@id\":\"https:\/\/juniperi.pl\/ru\/#website\",\"url\":\"https:\/\/juniperi.pl\/ru\/\",\"name\":\"GALLETTO - Skup, eksport, import oraz sprzeda\u017c ja\u0142owca.\",\"description\":\"Skup, eksport, import oraz sprzeda\u017c owoc\u00f3w ja\u0142owca.\",\"potentialAction\":[{\"@type\":\"SearchAction\",\"target\":{\"@type\":\"EntryPoint\",\"urlTemplate\":\"https:\/\/juniperi.pl\/ru\/?s={search_term_string}\"},\"query-input\":\"required name=search_term_string\"}],\"inLanguage\":\"ru-RU\"}]}<\/script>\n<!-- \/ Yoast SEO plugin. -->","yoast_head_json":{"title":"\u041f\u043b\u043e\u0434\u044b \u043c\u043e\u0436\u0436\u0435\u0432\u0435\u043b\u044c\u043d\u0438\u043a\u0430 - GALLETTO - Skup, eksport, import oraz sprzeda\u017c ja\u0142owca.","robots":{"index":"index","follow":"follow","max-snippet":"max-snippet:-1","max-image-preview":"max-image-preview:large","max-video-preview":"max-video-preview:-1"},"canonical":"https:\/\/juniperi.pl\/ru\/%d0%bf%d0%bb%d0%be%d0%b4%d1%8b-%d0%bc%d0%be%d0%b6%d0%b6%d0%b5%d0%b2%d0%b5%d0%bb%d1%8c%d0%bd%d0%b8%d0%ba%d0%b0\/","og_locale":"ru_RU","og_type":"article","og_title":"\u041f\u043b\u043e\u0434\u044b \u043c\u043e\u0436\u0436\u0435\u0432\u0435\u043b\u044c\u043d\u0438\u043a\u0430 - GALLETTO - Skup, eksport, import oraz sprzeda\u017c ja\u0142owca.","og_description":"I \u043a\u043b\u0430\u0441\u0441 Juniperus communis \/ Juniperi fructus \u0426\u0435\u043b\u044b\u0435 \u0444\u0440\u0443\u043a\u0442\u044b \u0421\u043f\u0435\u043b\u044b\u0439 \u0422\u0435\u043c\u043d\u043e-\u0441\u0438\u043d\u0438\u0439 \u0446\u0432\u0435\u0442 \u043e\u043f\u0442\u043e\u0432\u0430\u044f \u0443\u043f\u0430\u043a\u043e\u0432\u043a\u0430: \u041f\u041f \u043c\u0435\u0448\u043e\u043a 25 \u043a\u0433 II \u043a\u043b\u0430\u0441\u0441 Juniperus communis \/ Juniperi fructus \u0426\u0435\u043b\u044b\u0435 \u0444\u0440\u0443\u043a\u0442\u044b \u0421\u043f\u0435\u043b\u044b\u0439 \u0426\u0432\u0435\u0442\u0430 \u0432\u0430\u0440\u044c\u0438\u0440\u0443\u044e\u0442\u0441\u044f \u043e\u0442 \u0433\u043e\u043b\u0443\u0431\u043e\u0433\u043e \u0434\u043e \u0442\u0435\u043c\u043d\u043e-\u043a\u043e\u0440\u0438\u0447\u043d\u0435\u0432\u043e\u0433\u043e. \u043e\u043f\u0442\u043e\u0432\u0430\u044f \u0443\u043f\u0430\u043a\u043e\u0432\u043a\u0430: \u041f\u041f \u043c\u0435\u0448\u043e\u043a 25 \u043a\u0433","og_url":"https:\/\/juniperi.pl\/ru\/%d0%bf%d0%bb%d0%be%d0%b4%d1%8b-%d0%bc%d0%be%d0%b6%d0%b6%d0%b5%d0%b2%d0%b5%d0%bb%d1%8c%d0%bd%d0%b8%d0%ba%d0%b0\/","og_site_name":"GALLETTO - Skup, eksport, import oraz sprzeda\u017c ja\u0142owca.","article_modified_time":"2021-11-25T14:00:37+00:00","og_image":[{"width":1500,"height":1000,"url":"https:\/\/juniperi.pl\/wp-content\/uploads\/2021\/09\/Slider-Juniperi-Galletto-005.jpg","type":"image\/jpeg"}],"twitter_card":"summary_large_image","schema":{"@context":"https:\/\/schema.org","@graph":[{"@type":"WebPage","@id":"https:\/\/juniperi.pl\/ru\/%d0%bf%d0%bb%d0%be%d0%b4%d1%8b-%d0%bc%d0%be%d0%b6%d0%b6%d0%b5%d0%b2%d0%b5%d0%bb%d1%8c%d0%bd%d0%b8%d0%ba%d0%b0\/","url":"https:\/\/juniperi.pl\/ru\/%d0%bf%d0%bb%d0%be%d0%b4%d1%8b-%d0%bc%d0%be%d0%b6%d0%b6%d0%b5%d0%b2%d0%b5%d0%bb%d1%8c%d0%bd%d0%b8%d0%ba%d0%b0\/","name":"\u041f\u043b\u043e\u0434\u044b \u043c\u043e\u0436\u0436\u0435\u0432\u0435\u043b\u044c\u043d\u0438\u043a\u0430 - GALLETTO - Skup, eksport, import oraz sprzeda\u017c ja\u0142owca.","isPartOf":{"@id":"https:\/\/juniperi.pl\/ru\/#website"},"datePublished":"2021-11-25T14:00:27+00:00","dateModified":"2021-11-25T14:00:37+00:00","breadcrumb":{"@id":"https:\/\/juniperi.pl\/ru\/%d0%bf%d0%bb%d0%be%d0%b4%d1%8b-%d0%bc%d0%be%d0%b6%d0%b6%d0%b5%d0%b2%d0%b5%d0%bb%d1%8c%d0%bd%d0%b8%d0%ba%d0%b0\/#breadcrumb"},"inLanguage":"ru-RU","potentialAction":[{"@type":"ReadAction","target":["https:\/\/juniperi.pl\/ru\/%d0%bf%d0%bb%d0%be%d0%b4%d1%8b-%d0%bc%d0%be%d0%b6%d0%b6%d0%b5%d0%b2%d0%b5%d0%bb%d1%8c%d0%bd%d0%b8%d0%ba%d0%b0\/"]}]},{"@type":"BreadcrumbList","@id":"https:\/\/juniperi.pl\/ru\/%d0%bf%d0%bb%d0%be%d0%b4%d1%8b-%d0%bc%d0%be%d0%b6%d0%b6%d0%b5%d0%b2%d0%b5%d0%bb%d1%8c%d0%bd%d0%b8%d0%ba%d0%b0\/#breadcrumb","itemListElement":[{"@type":"ListItem","position":1,"name":"Strona g\u0142\u00f3wna","item":"https:\/\/juniperi.pl\/ru\/"},{"@type":"ListItem","position":2,"name":"\u041f\u043b\u043e\u0434\u044b \u043c\u043e\u0436\u0436\u0435\u0432\u0435\u043b\u044c\u043d\u0438\u043a\u0430"}]},{"@type":"WebSite","@id":"https:\/\/juniperi.pl\/ru\/#website","url":"https:\/\/juniperi.pl\/ru\/","name":"GALLETTO - Skup, eksport, import oraz sprzeda\u017c ja\u0142owca.","description":"Skup, eksport, import oraz sprzeda\u017c owoc\u00f3w ja\u0142owca.","potentialAction":[{"@type":"SearchAction","target":{"@type":"EntryPoint","urlTemplate":"https:\/\/juniperi.pl\/ru\/?s={search_term_string}"},"query-input":"required name=search_term_string"}],"inLanguage":"ru-RU"}]}},"_links":{"self":[{"href":"https:\/\/juniperi.pl\/ru\/wp-json\/wp\/v2\/pages\/4592"}],"collection":[{"href":"https:\/\/juniperi.pl\/ru\/wp-json\/wp\/v2\/pages"}],"about":[{"href":"https:\/\/juniperi.pl\/ru\/wp-json\/wp\/v2\/types\/page"}],"author":[{"embeddable":true,"href":"https:\/\/juniperi.pl\/ru\/wp-json\/wp\/v2\/users\/1"}],"replies":[{"embeddable":true,"href":"https:\/\/juniperi.pl\/ru\/wp-json\/wp\/v2\/comments?post=4592"}],"version-history":[{"count":3,"href":"https:\/\/juniperi.pl\/ru\/wp-json\/wp\/v2\/pages\/4592\/revisions"}],"predecessor-version":[{"id":4595,"href":"https:\/\/juniperi.pl\/ru\/wp-json\/wp\/v2\/pages\/4592\/revisions\/4595"}],"wp:featuredmedia":[{"embeddable":true,"href":"https:\/\/juniperi.pl\/ru\/wp-json\/wp\/v2\/media\/4555"}],"wp:attachment":[{"href":"https:\/\/juniperi.pl\/ru\/wp-json\/wp\/v2\/media?parent=4592"}],"curies":[{"name":"wp","href":"https:\/\/api.w.org\/{rel}","templated":true}]}}